{"id":8325,"date":"2023-06-28T19:37:43","date_gmt":"2023-06-28T19:37:43","guid":{"rendered":"https:\/\/2023.bio-waeberhof.ch\/?page_id=8325"},"modified":"2026-01-26T17:37:51","modified_gmt":"2026-01-26T17:37:51","slug":"agb","status":"publish","type":"page","link":"https:\/\/2023.bio-waeberhof.ch\/de\/agb\/","title":{"rendered":"AGB"},"content":{"rendered":"\t\t<div data-elementor-type=\"wp-page\" data-elementor-id=\"8325\" class=\"elementor elementor-8325 elementor-45\" data-elementor-settings=\"{&quot;ha_cmc_init_switcher&quot;:&quot;no&quot;}\" data-elementor-post-type=\"page\">\n\t\t\t\t\t\t<section class=\"elementor-section elementor-top-section elementor-element elementor-element-6afbbc07 elementor-section-boxed elementor-section-height-default elementor-section-height-default\" data-id=\"6afbbc07\" data-element_type=\"section\" data-e-type=\"section\" data-settings=\"{&quot;background_background&quot;:&quot;classic&quot;,&quot;_ha_eqh_enable&quot;:false}\">\n\t\t\t\t\t\t<div class=\"elementor-container elementor-column-gap-default\">\n\t\t\t\t\t<div class=\"elementor-column elementor-col-100 elementor-top-column elementor-element elementor-element-46d3a5c8\" data-id=\"46d3a5c8\" data-element_type=\"column\" data-e-type=\"column\">\n\t\t\t<div class=\"elementor-widget-wrap elementor-element-populated\">\n\t\t\t\t\t\t<div class=\"elementor-element elementor-element-8b67ef3 elementor-widget elementor-widget-heading\" data-id=\"8b67ef3\" data-element_type=\"widget\" data-e-type=\"widget\" data-widget_type=\"heading.default\">\n\t\t\t\t<div class=\"elementor-widget-container\">\n\t\t\t\t\t<h1 class=\"elementor-heading-title elementor-size-default\">Allgemeine Gesch\u00e4ftsbedingungen f\u00fcr den Online-Verkauf<\/h1>\t\t\t\t<\/div>\n\t\t\t\t<\/div>\n\t\t\t\t\t<\/div>\n\t\t<\/div>\n\t\t\t\t\t<\/div>\n\t\t<\/section>\n\t\t\t\t<section class=\"elementor-section elementor-top-section elementor-element elementor-element-448ba83c elementor-section-boxed elementor-section-height-default elementor-section-height-default\" data-id=\"448ba83c\" data-element_type=\"section\" data-e-type=\"section\" data-settings=\"{&quot;background_background&quot;:&quot;classic&quot;,&quot;_ha_eqh_enable&quot;:false}\">\n\t\t\t\t\t\t<div class=\"elementor-container elementor-column-gap-default\">\n\t\t\t\t\t<div class=\"elementor-column elementor-col-100 elementor-top-column elementor-element elementor-element-6d3ae3bd\" data-id=\"6d3ae3bd\" data-element_type=\"column\" data-e-type=\"column\">\n\t\t\t<div class=\"elementor-widget-wrap elementor-element-populated\">\n\t\t\t\t\t\t<div class=\"elementor-element elementor-element-85fb92b elementor-widget elementor-widget-text-editor\" data-id=\"85fb92b\" data-element_type=\"widget\" data-e-type=\"widget\" data-widget_type=\"text-editor.default\">\n\t\t\t\t<div class=\"elementor-widget-container\">\n\t\t\t\t\t\t\t\t\t<p><strong>Stand: 1. Januar 2026.<\/strong><\/p><p>Der Bio-W\u00e4berhof mit Sitz an der Erlachstrasse 53 in 3232 Ins, Schweiz, ist der landwirtschaftliche Betrieb von Samuel Theiler.<\/p><p><strong>Der Bio-W\u00e4berhof bietet verschiedene frische Artikel und Lebensmittel aus eigener Produktion zum Online-Verkauf an.<\/strong><\/p><p>Aus Gr\u00fcnden der besseren Lesbarkeit wird bei Personenbezeichnungen die m\u00e4nnliche Form verwendet. S\u00e4mtliche Personenbezeichnungen gelten gleichermassen f\u00fcr alle Geschlechter.<\/p>\t\t\t\t\t\t\t\t<\/div>\n\t\t\t\t<\/div>\n\t\t\t\t<div class=\"elementor-element elementor-element-388df423 elementor-widget elementor-widget-heading\" data-id=\"388df423\" data-element_type=\"widget\" data-e-type=\"widget\" data-widget_type=\"heading.default\">\n\t\t\t\t<div class=\"elementor-widget-container\">\n\t\t\t\t\t<h2 class=\"elementor-heading-title elementor-size-default\">1. Gegenstand<\/h2>\t\t\t\t<\/div>\n\t\t\t\t<\/div>\n\t\t\t\t<div class=\"elementor-element elementor-element-5b4d262f elementor-widget elementor-widget-text-editor\" data-id=\"5b4d262f\" data-element_type=\"widget\" data-e-type=\"widget\" data-widget_type=\"text-editor.default\">\n\t\t\t\t<div class=\"elementor-widget-container\">\n\t\t\t\t\t\t\t\t\t<p>Die vorliegenden Allgemeinen Gesch\u00e4ftsbedingungen (nachfolgend: AGB) regeln die Rechte und Pflichten der Parteien im Rahmen von Online-Bestellungen. Diese k\u00f6nnen direkt \u00fcber die Website <a href=\"http:\/\/www.bio-waeberhof.ch\/\">www.bio-waeberhof.ch<\/a> aufgegeben werden.<\/p><p>\u00a0<\/p>\t\t\t\t\t\t\t\t<\/div>\n\t\t\t\t<\/div>\n\t\t\t\t<div class=\"elementor-element elementor-element-dbc5d6f elementor-widget elementor-widget-heading\" data-id=\"dbc5d6f\" data-element_type=\"widget\" data-e-type=\"widget\" data-widget_type=\"heading.default\">\n\t\t\t\t<div class=\"elementor-widget-container\">\n\t\t\t\t\t<h2 class=\"elementor-heading-title elementor-size-default\">2. Geltungsbereich<\/h2>\t\t\t\t<\/div>\n\t\t\t\t<\/div>\n\t\t\t\t<div class=\"elementor-element elementor-element-f6f5643 elementor-widget elementor-widget-text-editor\" data-id=\"f6f5643\" data-element_type=\"widget\" data-e-type=\"widget\" data-widget_type=\"text-editor.default\">\n\t\t\t\t<div class=\"elementor-widget-container\">\n\t\t\t\t\t\t\t\t\t<p>Unter dem Begriff \u201eKauf\u201d wird nachfolgend die Bestellung von frischen Artikeln und Lebensmitteln vom Bauernhof verstanden.<\/p><p>Mit jedem Kauf akzeptiert der K\u00e4ufer die vorliegenden AGB. Vor dem Abschluss des Kaufs wird eine Best\u00e4tigung des Lesens der AGB verlangt.<\/p>\t\t\t\t\t\t\t\t<\/div>\n\t\t\t\t<\/div>\n\t\t\t\t<div class=\"elementor-element elementor-element-00cf29f elementor-widget elementor-widget-heading\" data-id=\"00cf29f\" data-element_type=\"widget\" data-e-type=\"widget\" data-widget_type=\"heading.default\">\n\t\t\t\t<div class=\"elementor-widget-container\">\n\t\t\t\t\t<h2 class=\"elementor-heading-title elementor-size-default\">3. Pflichten des K\u00e4ufers<\/h2>\t\t\t\t<\/div>\n\t\t\t\t<\/div>\n\t\t\t\t<div class=\"elementor-element elementor-element-8f833e6 elementor-widget elementor-widget-text-editor\" data-id=\"8f833e6\" data-element_type=\"widget\" data-e-type=\"widget\" data-widget_type=\"text-editor.default\">\n\t\t\t\t<div class=\"elementor-widget-container\">\n\t\t\t\t\t\t\t\t\t<p>Der K\u00e4ufer verpflichtet sich, bei der Einrichtung seines Kontos g\u00fcltige und wahrheitsgem\u00e4sse Angaben zu machen und den geforderten Preis zu zahlen.<\/p><p>Die Folgen eines Zahlungsausfalls richten sich nach den geltenden Bestimmungen des Obligationenrechts sowie nach den Punkten 7.1, 7.2 und 7.3 der vorliegenden AGB.<\/p><p>Der K\u00e4ufer ist daf\u00fcr verantwortlich, die Ware bei der Abholung\/Lieferung zu \u00fcberpr\u00fcfen.<\/p>\t\t\t\t\t\t\t\t<\/div>\n\t\t\t\t<\/div>\n\t\t\t\t<div class=\"elementor-element elementor-element-716277f elementor-widget elementor-widget-heading\" data-id=\"716277f\" data-element_type=\"widget\" data-e-type=\"widget\" data-widget_type=\"heading.default\">\n\t\t\t\t<div class=\"elementor-widget-container\">\n\t\t\t\t\t<h2 class=\"elementor-heading-title elementor-size-default\">4. Bestellung<\/h2>\t\t\t\t<\/div>\n\t\t\t\t<\/div>\n\t\t\t\t<div class=\"elementor-element elementor-element-2c098d7 elementor-widget elementor-widget-text-editor\" data-id=\"2c098d7\" data-element_type=\"widget\" data-e-type=\"widget\" data-widget_type=\"text-editor.default\">\n\t\t\t\t<div class=\"elementor-widget-container\">\n\t\t\t\t\t\t\t\t\t<p>Der K\u00e4ufer muss zuvor ein pers\u00f6nliches Konto erstellen, um online bestellen zu k\u00f6nnen.<span class=\"Apple-converted-space\">\u00a0<\/span><\/p><p>Der Kauf gilt mit der Ausstellung der Best\u00e4tigung als abgeschlossen. Jeder erfolgreiche Kauf auf der Website wird zuerst im Browser und anschliessend per E-Mail best\u00e4tigt.<\/p><p>Mit der Best\u00e4tigung akzeptiert der K\u00e4ufer den Vertrag und verpflichtet sich, die AGB einzuhalten, seinen Kauf an dem angegebenen Ort abzuholen und diesen gem\u00e4ss den Bestimmungen in den Punkten 7.1, 7.2 und 7.3 der vorliegenden AGB zu bezahlen.<\/p>\t\t\t\t\t\t\t\t<\/div>\n\t\t\t\t<\/div>\n\t\t\t\t<div class=\"elementor-element elementor-element-c4aea89 elementor-widget elementor-widget-heading\" data-id=\"c4aea89\" data-element_type=\"widget\" data-e-type=\"widget\" data-widget_type=\"heading.default\">\n\t\t\t\t<div class=\"elementor-widget-container\">\n\t\t\t\t\t<h2 class=\"elementor-heading-title elementor-size-default\">5. Preise<\/h2>\t\t\t\t<\/div>\n\t\t\t\t<\/div>\n\t\t\t\t<div class=\"elementor-element elementor-element-e7d6dfe elementor-widget elementor-widget-text-editor\" data-id=\"e7d6dfe\" data-element_type=\"widget\" data-e-type=\"widget\" data-widget_type=\"text-editor.default\">\n\t\t\t\t<div class=\"elementor-widget-container\">\n\t\t\t\t\t\t\t\t\t<p>Die Preise sind in Schweizer Franken (CHF) inklusive Mehrwertsteuer angegeben. Der zum Zeitpunkt der Bestellung im Online-Shop angegebene Preis ist f\u00fcr den Abschluss des Kaufvertrags massgeblich und verbindlich.<\/p>\t\t\t\t\t\t\t\t<\/div>\n\t\t\t\t<\/div>\n\t\t\t\t<div class=\"elementor-element elementor-element-d941097 elementor-widget elementor-widget-heading\" data-id=\"d941097\" data-element_type=\"widget\" data-e-type=\"widget\" data-widget_type=\"heading.default\">\n\t\t\t\t<div class=\"elementor-widget-container\">\n\t\t\t\t\t<h2 class=\"elementor-heading-title elementor-size-default\">6. Abholung und Lieferung<\/h2>\t\t\t\t<\/div>\n\t\t\t\t<\/div>\n\t\t\t\t<div class=\"elementor-element elementor-element-9260ce1 elementor-widget elementor-widget-text-editor\" data-id=\"9260ce1\" data-element_type=\"widget\" data-e-type=\"widget\" data-widget_type=\"text-editor.default\">\n\t\t\t\t<div class=\"elementor-widget-container\">\n\t\t\t\t\t\t\t\t\t<p>Der K\u00e4ufer hat drei M\u00f6glichkeiten, seine online bestellte Ware zu erhalten.<\/p><p>Der Ort und die Art der Lieferung werden gem\u00e4ss den bei der Online-Bestellung (im Formular) angegebenen Modalit\u00e4ten ausgew\u00e4hlt.<\/p><p>1.<span class=\"Apple-converted-space\">\u00a0 \u00a0 <\/span>Lieferung nach Hause (Beauftragter: der Dienst \u201eVertrieb regionaler Produkte \u201d der Post): Die zum Verkauf angebotenen Artikel f\u00fcr eine Lieferung nach Hause werden ausschliesslich in die Regionen geliefert, die im Online-Bestellformular angegeben und deutlich gekennzeichnet sind. Jede Lieferung nach Hause kostet CHF 5.- Der K\u00e4ufer verpflichtet sich, die Rechnung f\u00fcr seinen Einkauf innerhalb von 10 Tagen nach Rechnungsstellung zu bezahlen. Die Beh\u00e4lter (Einkaufstaschen, K\u00fchlboxen, Kisten und Kartons) sind Eigentum des Bio-W\u00e4berhofs und werden bei jeder Abholung\/bei der n\u00e4chsten Lieferung zur\u00fcckgegeben.<\/p><p>1.<span class=\"Apple-converted-space\">\u00a0 \u00a0 <\/span>Gebiete, die vom Dienst \u00abVertrieb regionaler Produkte\u00bb der Post bedient werden: die Postleitzahlen der Poststellen Fontainemelon und La Neuveville.<\/p><p>2. Lieferung an einen Marktstand \/ Hofladen des Bio-W\u00e4berhofs: Der Ort und das Datum der Lieferung sind auf dem Online-Bestellformular angegeben. F\u00fcr diese Art der Lieferung fallen keine zus\u00e4tzlichen Kosten an. Der K\u00e4ufer bezahlt seinen Einkauf direkt bei der Abholung am Stand, per Twint oder in bar. Der K\u00e4ufer verpflichtet sich, seinen Einkauf w\u00e4hrend der \u00d6ffnungszeiten des Hofladens oder des vorgesehenen Marktstandes (angegeben auf der Homepage des Bio-W\u00e4berhofs) abzuholen.<\/p><p>3. Versand per Post: Bestimmte zum Verkauf angebotene Artikel k\u00f6nnen per Paket geliefert werden, jedoch ausschliesslich an Adressen in der Schweiz und in Liechtenstein. Ausgenommen von dieser Verkaufsart sind alle Produkte in Glasbeh\u00e4ltern und Tiefk\u00fchlprodukte. Die gesamten Versandkosten f\u00fcr das Paket gehen zu Lasten des K\u00e4ufers, einschliesslich der speziellen Verpackungen f\u00fcr Obstprodukte. Der K\u00e4ufer erh\u00e4lt bei der Bestellung eine Rechnung, die er sofort zu begleichen hat. Sobald die Zahlung best\u00e4tigt ist, versendet der Bio-W\u00e4berhof die Bestellung per Post.<span class=\"Apple-converted-space\">\u00a0<\/span><\/p><p>4. Der K\u00e4ufer ist f\u00fcr den Empfang seiner Bestellung, deren eventuelle K\u00fchlung und deren Sicherheit verantwortlich.<\/p>\t\t\t\t\t\t\t\t<\/div>\n\t\t\t\t<\/div>\n\t\t\t\t<div class=\"elementor-element elementor-element-852be0d elementor-widget elementor-widget-heading\" data-id=\"852be0d\" data-element_type=\"widget\" data-e-type=\"widget\" data-widget_type=\"heading.default\">\n\t\t\t\t<div class=\"elementor-widget-container\">\n\t\t\t\t\t<h2 class=\"elementor-heading-title elementor-size-default\">7. Bezahlung <\/h2>\t\t\t\t<\/div>\n\t\t\t\t<\/div>\n\t\t\t\t<div class=\"elementor-element elementor-element-15c7611 elementor-widget elementor-widget-text-editor\" data-id=\"15c7611\" data-element_type=\"widget\" data-e-type=\"widget\" data-widget_type=\"text-editor.default\">\n\t\t\t\t<div class=\"elementor-widget-container\">\n\t\t\t\t\t\t\t\t\t<p>1.<span class=\"Apple-converted-space\">\u00a0 \u00a0 <\/span>Bei Lieferungen nach Hause erh\u00e4lt der K\u00e4ufer eine Rechnung per Post oder E-Mail (je nach seiner bei der Bestellung getroffenen Wahl) und bezahlt diese innerhalb von 10 Tagen nach Rechnungsstellung. Eine unbezahlte Rechnung schliesst einen weiteren Kauf aus. Jede Mahnung wird mit 5 CHF in Rechnung gestellt.<\/p><p>2.<span class=\"Apple-converted-space\">\u00a0 \u00a0 <\/span>Bei Lieferungen an Marktst\u00e4nde bezahlt der K\u00e4ufer\/die K\u00e4uferin bei Abholung der Ware bar oder per Twint. Eine Zahlung auf Rechnung ist nicht m\u00f6glich.<\/p><p>3. Bei Lieferungen per Post (ausserhalb der in Punkt 6.1.1 genannten Liefergebiete) erh\u00e4lt der K\u00e4ufer eine Rechnung, die er sofort bezahlen muss. Sobald die Zahlung best\u00e4tigt ist, versendet der Bio-W\u00e4berhof die Ware per Post.<\/p>\t\t\t\t\t\t\t\t<\/div>\n\t\t\t\t<\/div>\n\t\t\t\t<div class=\"elementor-element elementor-element-7e97c1c elementor-widget elementor-widget-heading\" data-id=\"7e97c1c\" data-element_type=\"widget\" data-e-type=\"widget\" data-widget_type=\"heading.default\">\n\t\t\t\t<div class=\"elementor-widget-container\">\n\t\t\t\t\t<h2 class=\"elementor-heading-title elementor-size-default\">8. Reklamation<\/h2>\t\t\t\t<\/div>\n\t\t\t\t<\/div>\n\t\t\t\t<div class=\"elementor-element elementor-element-10e63f1 elementor-widget elementor-widget-text-editor\" data-id=\"10e63f1\" data-element_type=\"widget\" data-e-type=\"widget\" data-widget_type=\"text-editor.default\">\n\t\t\t\t<div class=\"elementor-widget-container\">\n\t\t\t\t\t\t\t\t\t<p>Reklamationen im Zusammenhang mit einem eventuellen Mangel oder Defekt der per Post\/nach Hause gelieferten Ware m\u00fcssen innerhalb von 24 Stunden nach der Lieferung per E-Mail erfolgen.<span class=\"Apple-converted-space\">\u00a0<\/span><\/p><p>Bei Lieferung an einen Marktstand\/in den Hofladen des Bio-W\u00e4berhofs ist der K\u00e4ufer verpflichtet, seine Ware vor Ort zu kontrollieren. Nach \u00dcbernahme der Ware durch den K\u00e4ufer werden keine Reklamationen mehr akzeptiert.<\/p>\t\t\t\t\t\t\t\t<\/div>\n\t\t\t\t<\/div>\n\t\t\t\t<div class=\"elementor-element elementor-element-1085fb0 elementor-widget elementor-widget-heading\" data-id=\"1085fb0\" data-element_type=\"widget\" data-e-type=\"widget\" data-widget_type=\"heading.default\">\n\t\t\t\t<div class=\"elementor-widget-container\">\n\t\t\t\t\t<h2 class=\"elementor-heading-title elementor-size-default\">9. Haftungsausschluss<\/h2>\t\t\t\t<\/div>\n\t\t\t\t<\/div>\n\t\t\t\t<div class=\"elementor-element elementor-element-6b74c6a elementor-widget elementor-widget-text-editor\" data-id=\"6b74c6a\" data-element_type=\"widget\" data-e-type=\"widget\" data-widget_type=\"text-editor.default\">\n\t\t\t\t<div class=\"elementor-widget-container\">\n\t\t\t\t\t\t\t\t\t<p>Die Bilder im Webshop sind unverbindlich und nicht vertraglich bindend.<\/p><p>Zwischen der Best\u00e4tigung der Bestellung und der Vorbereitung kann das Unternehmen Bio-W\u00e4berhof den Inhalt je nach Verf\u00fcgbarkeit geringf\u00fcgig \u00e4ndern.<\/p><p>Lieferungen per Post: Der Bio-W\u00e4berhof gibt Produkte in einwandfreiem Zustand bei der Post ab\/liefert sie an seinen Marktstand. Bei fehlerhaften Lieferungen (durch Wetter oder Transportunternehmen w\u00e4hrend des Transports besch\u00e4digte Produkte, Nichteinhaltung der K\u00fchlkette bei Frischprodukten, Nichtannahme des Pakets, Verlust oder Diebstahl oder Sonstiges) kann das Unternehmen Bio-W\u00e4berhof nicht haftbar gemacht werden.<\/p>\t\t\t\t\t\t\t\t<\/div>\n\t\t\t\t<\/div>\n\t\t\t\t<div class=\"elementor-element elementor-element-5f7a3ef elementor-widget elementor-widget-heading\" data-id=\"5f7a3ef\" data-element_type=\"widget\" data-e-type=\"widget\" data-widget_type=\"heading.default\">\n\t\t\t\t<div class=\"elementor-widget-container\">\n\t\t\t\t\t<h2 class=\"elementor-heading-title elementor-size-default\">10. Datenschutz<\/h2>\t\t\t\t<\/div>\n\t\t\t\t<\/div>\n\t\t\t\t<div class=\"elementor-element elementor-element-96da027 elementor-widget elementor-widget-text-editor\" data-id=\"96da027\" data-element_type=\"widget\" data-e-type=\"widget\" data-widget_type=\"text-editor.default\">\n\t\t\t\t<div class=\"elementor-widget-container\">\n\t\t\t\t\t\t\t\t\t<p>Wir verweisen auf die Datenschutzerkl\u00e4rung des Bio-W\u00e4berhofs f\u00fcr die geltenden Bestimmungen in diesem Bereich.<\/p>\t\t\t\t\t\t\t\t<\/div>\n\t\t\t\t<\/div>\n\t\t\t\t<div class=\"elementor-element elementor-element-a401882 elementor-widget elementor-widget-heading\" data-id=\"a401882\" data-element_type=\"widget\" data-e-type=\"widget\" data-widget_type=\"heading.default\">\n\t\t\t\t<div class=\"elementor-widget-container\">\n\t\t\t\t\t<h2 class=\"elementor-heading-title elementor-size-default\">11. Allgemeine Bestimmungen<\/h2>\t\t\t\t<\/div>\n\t\t\t\t<\/div>\n\t\t\t\t<div class=\"elementor-element elementor-element-a812031 elementor-widget elementor-widget-text-editor\" data-id=\"a812031\" data-element_type=\"widget\" data-e-type=\"widget\" data-widget_type=\"text-editor.default\">\n\t\t\t\t<div class=\"elementor-widget-container\">\n\t\t\t\t\t\t\t\t\t<p>Der Bio-W\u00e4berhof kann diese AGB jederzeit \u00e4ndern und aktualisieren.<\/p><p>Bei einem Kauf ist allein die zum Zeitpunkt der Bestellung g\u00fcltige Fassung massgebend.<\/p><p>Sollten einzelne Bestimmungen der AGB ganz oder teilweise unwirksam oder undurchf\u00fchrbar sein, so bleibt die Wirksamkeit der \u00fcbrigen Bestimmungen der AGB davon unber\u00fchrt. Die unwirksamen oder undurchf\u00fchrbaren Bestimmungen werden durch solche ersetzt, die dem wirtschaftlichen Zweck der unwirksamen Bestimmungen m\u00f6glichst nahekommen.<\/p>\t\t\t\t\t\t\t\t<\/div>\n\t\t\t\t<\/div>\n\t\t\t\t<div class=\"elementor-element elementor-element-c624a43 elementor-widget elementor-widget-heading\" data-id=\"c624a43\" data-element_type=\"widget\" data-e-type=\"widget\" data-widget_type=\"heading.default\">\n\t\t\t\t<div class=\"elementor-widget-container\">\n\t\t\t\t\t<h2 class=\"elementor-heading-title elementor-size-default\">12. Anwendbares Recht und Gerichtsstand<\/h2>\t\t\t\t<\/div>\n\t\t\t\t<\/div>\n\t\t\t\t<div class=\"elementor-element elementor-element-35da3b6 elementor-widget elementor-widget-text-editor\" data-id=\"35da3b6\" data-element_type=\"widget\" data-e-type=\"widget\" data-widget_type=\"text-editor.default\">\n\t\t\t\t<div class=\"elementor-widget-container\">\n\t\t\t\t\t\t\t\t\t<p>Die vorliegenden AGB unterliegen schweizerischem Recht, insbesondere den Artikeln 184 ff. des Obligationenrechts, unter Ausschluss jeglicher anderer ausl\u00e4ndischer Rechtsvorschriften. Gerichtsstand ist Ins, Schweiz.<\/p>\t\t\t\t\t\t\t\t<\/div>\n\t\t\t\t<\/div>\n\t\t\t\t\t<\/div>\n\t\t<\/div>\n\t\t\t\t\t<\/div>\n\t\t<\/section>\n\t\t\t\t<\/div>\n\t\t","protected":false},"excerpt":{"rendered":"<p>Allgemeine Gesch\u00e4ftsbedingungen f\u00fcr den Online-Verkauf Stand: 1. Januar 2026. Der Bio-W\u00e4berhof mit Sitz an der Erlachstrasse 53 in 3232 Ins, Schweiz, ist der landwirtschaftliche Betrieb von Samuel Theiler. Der Bio-W\u00e4berhof bietet verschiedene frische Artikel und Lebensmittel aus eigener Produktion zum Online-Verkauf an. Aus Gr\u00fcnden der besseren Lesbarkeit wird bei Personenbezeichnungen die m\u00e4nnliche Form verwendet. S\u00e4mtliche [&hellip;]<\/p>\n","protected":false},"author":1,"featured_media":0,"parent":0,"menu_order":0,"comment_status":"closed","ping_status":"closed","template":"elementor_header_footer","meta":{"_acf_changed":false,"footnotes":""},"class_list":["post-8325","page","type-page","status-publish","hentry"],"acf":[],"publishpress_future_action":{"enabled":false,"date":"2026-04-26 11:35:15","action":"change-status","newStatus":"draft","terms":[],"taxonomy":"translation_priority","extraData":[]},"publishpress_future_workflow_manual_trigger":{"enabledWorkflows":[]},"_links":{"self":[{"href":"https:\/\/2023.bio-waeberhof.ch\/de\/wp-json\/wp\/v2\/pages\/8325","targetHints":{"allow":["GET"]}}],"collection":[{"href":"https:\/\/2023.bio-waeberhof.ch\/de\/wp-json\/wp\/v2\/pages"}],"about":[{"href":"https:\/\/2023.bio-waeberhof.ch\/de\/wp-json\/wp\/v2\/types\/page"}],"author":[{"embeddable":true,"href":"https:\/\/2023.bio-waeberhof.ch\/de\/wp-json\/wp\/v2\/users\/1"}],"replies":[{"embeddable":true,"href":"https:\/\/2023.bio-waeberhof.ch\/de\/wp-json\/wp\/v2\/comments?post=8325"}],"version-history":[{"count":4,"href":"https:\/\/2023.bio-waeberhof.ch\/de\/wp-json\/wp\/v2\/pages\/8325\/revisions"}],"predecessor-version":[{"id":8330,"href":"https:\/\/2023.bio-waeberhof.ch\/de\/wp-json\/wp\/v2\/pages\/8325\/revisions\/8330"}],"wp:attachment":[{"href":"https:\/\/2023.bio-waeberhof.ch\/de\/wp-json\/wp\/v2\/media?parent=8325"}],"curies":[{"name":"wp","href":"https:\/\/api.w.org\/{rel}","templated":true}]}}