{"id":8509,"date":"2023-06-28T19:37:50","date_gmt":"2023-06-28T19:37:50","guid":{"rendered":"https:\/\/2023.bio-waeberhof.ch\/home\/"},"modified":"2026-03-02T11:20:18","modified_gmt":"2026-03-02T11:20:18","slug":"home","status":"publish","type":"page","link":"https:\/\/2023.bio-waeberhof.ch\/de\/","title":{"rendered":"Home"},"content":{"rendered":"\t\t<div data-elementor-type=\"wp-page\" data-elementor-id=\"8509\" class=\"elementor elementor-8509 elementor-69\" data-elementor-settings=\"{&quot;ha_cmc_init_switcher&quot;:&quot;no&quot;}\" data-elementor-post-type=\"page\">\n\t\t\t\t<div class=\"elementor-element elementor-element-f5549db e-con-full e-flex e-con e-parent\" data-id=\"f5549db\" data-element_type=\"container\" data-e-type=\"container\" data-settings=\"{&quot;background_background&quot;:&quot;slideshow&quot;,&quot;background_slideshow_gallery&quot;:[],&quot;background_slideshow_loop&quot;:&quot;yes&quot;,&quot;background_slideshow_slide_duration&quot;:5000,&quot;background_slideshow_slide_transition&quot;:&quot;fade&quot;,&quot;background_slideshow_transition_duration&quot;:500,&quot;_ha_eqh_enable&quot;:false}\">\n\t\t<div class=\"elementor-element elementor-element-9567d64 e-con-full e-flex e-con e-child\" data-id=\"9567d64\" data-element_type=\"container\" data-e-type=\"container\" data-settings=\"{&quot;background_background&quot;:&quot;slideshow&quot;,&quot;background_slideshow_gallery&quot;:[{&quot;id&quot;:1972,&quot;url&quot;:&quot;https:\\\/\\\/2023.bio-waeberhof.ch\\\/wp-content\\\/uploads\\\/2025\\\/01\\\/Waeberhof_bette.jpg&quot;},{&quot;id&quot;:1712,&quot;url&quot;:&quot;https:\\\/\\\/2023.bio-waeberhof.ch\\\/wp-content\\\/uploads\\\/2025\\\/01\\\/Waeberhof-06-06-21.jpg&quot;},{&quot;id&quot;:1958,&quot;url&quot;:&quot;https:\\\/\\\/2023.bio-waeberhof.ch\\\/wp-content\\\/uploads\\\/2025\\\/01\\\/Waeberhof_colza-1.jpg&quot;},{&quot;id&quot;:2003,&quot;url&quot;:&quot;https:\\\/\\\/2023.bio-waeberhof.ch\\\/wp-content\\\/uploads\\\/2025\\\/01\\\/Waeberhof_pois.jpg&quot;},{&quot;id&quot;:1995,&quot;url&quot;:&quot;https:\\\/\\\/2023.bio-waeberhof.ch\\\/wp-content\\\/uploads\\\/2025\\\/01\\\/Waeberhof_fraise.jpg&quot;}],&quot;background_slideshow_loop&quot;:&quot;yes&quot;,&quot;background_slideshow_slide_duration&quot;:5000,&quot;background_slideshow_slide_transition&quot;:&quot;fade&quot;,&quot;background_slideshow_transition_duration&quot;:500,&quot;_ha_eqh_enable&quot;:false}\">\n\t\t\t\t<\/div>\n\t\t\t\t<\/div>\n\t\t<div class=\"elementor-element elementor-element-3f2e409 e-flex e-con-boxed e-con e-parent\" data-id=\"3f2e409\" data-element_type=\"container\" data-e-type=\"container\" data-settings=\"{&quot;_ha_eqh_enable&quot;:false}\">\n\t\t\t\t\t<div class=\"e-con-inner\">\n\t\t\t\t<div class=\"elementor-element elementor-element-9b6615b elementor-widget elementor-widget-heading\" data-id=\"9b6615b\" data-element_type=\"widget\" data-e-type=\"widget\" data-widget_type=\"heading.default\">\n\t\t\t\t<div class=\"elementor-widget-container\">\n\t\t\t\t\t<h1 class=\"elementor-heading-title elementor-size-default\">Willkommen auf dem Bio-W\u00e4berhof<\/h1>\t\t\t\t<\/div>\n\t\t\t\t<\/div>\n\t\t\t\t<div class=\"elementor-element elementor-element-0a2131c elementor-widget__width-initial elementor-widget elementor-widget-text-editor\" data-id=\"0a2131c\" data-element_type=\"widget\" data-e-type=\"widget\" data-widget_type=\"text-editor.default\">\n\t\t\t\t<div class=\"elementor-widget-container\">\n\t\t\t\t\t\t\t\t\t<p>Im Berner Seeland bietet unser Bauernhof frische Bio-Lebensmittel aus eigenem Anbau und eigener Verarbeitung. Seit 2004 biologisch!<\/p>\t\t\t\t\t\t\t\t<\/div>\n\t\t\t\t<\/div>\n\t\t\t\t<div class=\"elementor-element elementor-element-1f41c01 elementor-align-center elementor-widget elementor-widget-button\" data-id=\"1f41c01\" data-element_type=\"widget\" data-e-type=\"widget\" data-widget_type=\"button.default\">\n\t\t\t\t<div class=\"elementor-widget-container\">\n\t\t\t\t\t\t\t\t\t<div class=\"elementor-button-wrapper\">\n\t\t\t\t\t<a class=\"elementor-button elementor-button-link elementor-size-sm\" href=\"https:\/\/2023.bio-waeberhof.ch\/de\/ueber-uns\/\">\n\t\t\t\t\t\t<span class=\"elementor-button-content-wrapper\">\n\t\t\t\t\t\t\t\t\t<span class=\"elementor-button-text\">\u00dcber uns<\/span>\n\t\t\t\t\t<\/span>\n\t\t\t\t\t<\/a>\n\t\t\t\t<\/div>\n\t\t\t\t\t\t\t\t<\/div>\n\t\t\t\t<\/div>\n\t\t\t\t\t<\/div>\n\t\t\t\t<\/div>\n\t\t\t\t<section class=\"elementor-section elementor-top-section elementor-element elementor-element-220b401 elementor-section-boxed elementor-section-height-default elementor-section-height-default\" data-id=\"220b401\" data-element_type=\"section\" data-e-type=\"section\" data-settings=\"{&quot;_ha_eqh_enable&quot;:false}\">\n\t\t\t\t\t\t<div class=\"elementor-container elementor-column-gap-default\">\n\t\t\t\t\t<div class=\"elementor-column elementor-col-100 elementor-top-column elementor-element elementor-element-9ce2169\" data-id=\"9ce2169\" data-element_type=\"column\" data-e-type=\"column\">\n\t\t\t<div class=\"elementor-widget-wrap elementor-element-populated\">\n\t\t\t\t\t\t<div class=\"elementor-element elementor-element-77593e5 elementor-widget elementor-widget-heading\" data-id=\"77593e5\" data-element_type=\"widget\" data-e-type=\"widget\" data-widget_type=\"heading.default\">\n\t\t\t\t<div class=\"elementor-widget-container\">\n\t\t\t\t\t<h2 class=\"elementor-heading-title elementor-size-default\">Unsere Produkte kaufen<\/h2>\t\t\t\t<\/div>\n\t\t\t\t<\/div>\n\t\t\t\t<div class=\"elementor-element elementor-element-2992835 elementor-widget-divider--view-line_text elementor-widget-divider--element-align-center elementor-widget elementor-widget-divider\" data-id=\"2992835\" data-element_type=\"widget\" data-e-type=\"widget\" data-widget_type=\"divider.default\">\n\t\t\t\t<div class=\"elementor-widget-container\">\n\t\t\t\t\t\t\t<div class=\"elementor-divider\">\n\t\t\t<span class=\"elementor-divider-separator\">\n\t\t\t\t\t\t<\/span>\n\t\t<\/div>\n\t\t\t\t\t\t<\/div>\n\t\t\t\t<\/div>\n\t\t\t\t\t<\/div>\n\t\t<\/div>\n\t\t\t\t\t<\/div>\n\t\t<\/section>\n\t\t\t\t<section class=\"elementor-section elementor-top-section elementor-element elementor-element-d563e38 elementor-section-boxed elementor-section-height-default elementor-section-height-default\" data-id=\"d563e38\" data-element_type=\"section\" data-e-type=\"section\" data-settings=\"{&quot;_ha_eqh_enable&quot;:false}\">\n\t\t\t\t\t\t<div class=\"elementor-container elementor-column-gap-default\">\n\t\t\t\t\t<div class=\"elementor-column elementor-col-33 elementor-top-column elementor-element elementor-element-7012c01\" data-id=\"7012c01\" data-element_type=\"column\" data-e-type=\"column\">\n\t\t\t<div class=\"elementor-widget-wrap elementor-element-populated\">\n\t\t\t\t\t\t<div class=\"elementor-element elementor-element-1266950 elementor-widget elementor-widget-ha-image-hover-effect happy-addon ha-image-hover-effect\" data-id=\"1266950\" data-element_type=\"widget\" data-e-type=\"widget\" data-widget_type=\"ha-image-hover-effect.default\">\n\t\t\t\t<div class=\"elementor-widget-container\">\n\t\t\t\t\t\t\t<div class=\"ha-ihe-wrapper grid\">\n\t\t\t<figure class=\"ha-ihe-fig ha-effect-goliath\">\n\t\t\t\t<img decoding=\"async\" class=\"ha-ihe-img\" src=\"https:\/\/2023.bio-waeberhof.ch\/wp-content\/uploads\/2025\/01\/Waeberhof-vignette_laedeli.jpg\" alt=\"Dienstag, Mittwoch und Freitag: 13.30 \u2013 18.00 Uhr&lt;br&gt;Samstag: 9.00 \u2013 13.00 Uhr\" \/>\n\t\t\t\t<figcaption class=\"ha-ihe-caption\">\n\t\t\t\t\t\t\t\t\t\t\t<h3 class=\"ha-ihe-title\">Hofladen<\/h3>\t\t\t\t\t\t\t\t\t\t\t\t\t<p class=\"ha-ihe-desc\">Mardi, mercredi et vendredi<br>\n13h30 \u2013 18h00<br>\nSamedi 9h00 \u2013 13h00\u200b<\/p>\n\t\t\t\t\t\t\t\t\t\t\t\t\t\t\t\t\t\t\t\t\t\t\t<a href=\"https:\/\/2023.bio-waeberhof.ch\/de\/verkaufstellen\/#mag\"  target=&quot;_blank&quot; rel=&quot;nofollow&quot;><\/a>\n\t\t\t\t\t\t\t\t\t<\/figcaption>\n\t\t\t<\/figure>\n\t\t<\/div>\n\t\t\t\t<\/div>\n\t\t\t\t<\/div>\n\t\t\t\t\t<\/div>\n\t\t<\/div>\n\t\t\t\t<div class=\"elementor-column elementor-col-33 elementor-top-column elementor-element elementor-element-d7d9314\" data-id=\"d7d9314\" data-element_type=\"column\" data-e-type=\"column\">\n\t\t\t<div class=\"elementor-widget-wrap elementor-element-populated\">\n\t\t\t\t\t\t<div class=\"elementor-element elementor-element-4acf902 elementor-widget elementor-widget-ha-image-hover-effect happy-addon ha-image-hover-effect\" data-id=\"4acf902\" data-element_type=\"widget\" data-e-type=\"widget\" data-widget_type=\"ha-image-hover-effect.default\">\n\t\t\t\t<div class=\"elementor-widget-container\">\n\t\t\t\t\t\t\t<div class=\"ha-ihe-wrapper grid\">\n\t\t\t<figure class=\"ha-ihe-fig ha-effect-goliath\">\n\t\t\t\t<img decoding=\"async\" class=\"ha-ihe-img\" src=\"https:\/\/2023.bio-waeberhof.ch\/wp-content\/uploads\/2025\/01\/Waeberhof-vignette_marche2-1.jpg\" alt=\"Dienstag, Mittwoch und Freitag: 13.30 \u2013 18.00 Uhr&lt;br&gt;Samstag: 9.00 \u2013 13.00 Uhr\" \/>\n\t\t\t\t<figcaption class=\"ha-ihe-caption\">\n\t\t\t\t\t\t\t\t\t\t\t<h2 class=\"ha-ihe-title\">M\u00e4rkte<\/h2>\t\t\t\t\t\t\t\t\t\t\t\t\t<p class=\"ha-ihe-desc\">Fribourg, Neuch\u00e2tel, La Chaux de Fonds, Berne et B\u00fcmpliz\u200b<\/p>\n\t\t\t\t\t\t\t\t\t\t\t\t\t\t\t\t\t\t\t\t\t\t\t<a href=\"https:\/\/2023.bio-waeberhof.ch\/de\/verkaufstellen\/#marche\"  target=&quot;_blank&quot; rel=&quot;nofollow&quot;><\/a>\n\t\t\t\t\t\t\t\t\t<\/figcaption>\n\t\t\t<\/figure>\n\t\t<\/div>\n\t\t\t\t<\/div>\n\t\t\t\t<\/div>\n\t\t\t\t\t<\/div>\n\t\t<\/div>\n\t\t\t\t<div class=\"elementor-column elementor-col-33 elementor-top-column elementor-element elementor-element-28facd0\" data-id=\"28facd0\" data-element_type=\"column\" data-e-type=\"column\">\n\t\t\t<div class=\"elementor-widget-wrap elementor-element-populated\">\n\t\t\t\t\t\t<div data-ha-element-link=\"{&quot;url&quot;:&quot;https:\\\/\\\/bio-waeberhof.ch\\\/index.php?page=400200&#038;cat=2&#038;lang=fr&quot;,&quot;is_external&quot;:&quot;&quot;,&quot;nofollow&quot;:&quot;&quot;}\" style=\"cursor: pointer\" class=\"elementor-element elementor-element-e5fbdcf elementor-widget elementor-widget-ha-image-hover-effect happy-addon ha-image-hover-effect\" data-id=\"e5fbdcf\" data-element_type=\"widget\" data-e-type=\"widget\" data-widget_type=\"ha-image-hover-effect.default\">\n\t\t\t\t<div class=\"elementor-widget-container\">\n\t\t\t\t\t\t\t<div class=\"ha-ihe-wrapper grid\">\n\t\t\t<figure class=\"ha-ihe-fig ha-effect-goliath\">\n\t\t\t\t<img decoding=\"async\" class=\"ha-ihe-img\" src=\"https:\/\/2023.bio-waeberhof.ch\/wp-content\/uploads\/2026\/02\/webshop.jpg\" alt=\"Dienstag, Mittwoch und Freitag: 13.30 \u2013 18.00 Uhr&lt;br&gt;Samstag: 9.00 \u2013 13.00 Uhr\" \/>\n\t\t\t\t<figcaption class=\"ha-ihe-caption\">\n\t\t\t\t\t\t\t\t\t\t\t<h2 class=\"ha-ihe-title\">Webshop<\/h2>\t\t\t\t\t\t\t\t\t\t\t\t\t<p class=\"ha-ihe-desc\">Commandez et choisissez votre lieu de livraison.<\/p>\n\t\t\t\t\t\t\t\t\t\t\t\t\t\t\t\t\t\t\t\t\t\t\t<a href=\"\/shop\" ><\/a>\n\t\t\t\t\t\t\t\t\t<\/figcaption>\n\t\t\t<\/figure>\n\t\t<\/div>\n\t\t\t\t<\/div>\n\t\t\t\t<\/div>\n\t\t\t\t\t<\/div>\n\t\t<\/div>\n\t\t\t\t\t<\/div>\n\t\t<\/section>\n\t\t\t\t<section class=\"elementor-section elementor-top-section elementor-element elementor-element-b6ab1c7 elementor-section-boxed elementor-section-height-default elementor-section-height-default\" data-id=\"b6ab1c7\" data-element_type=\"section\" data-e-type=\"section\" data-settings=\"{&quot;_ha_eqh_enable&quot;:false}\">\n\t\t\t\t\t\t<div class=\"elementor-container elementor-column-gap-default\">\n\t\t\t\t\t<div class=\"elementor-column elementor-col-100 elementor-top-column elementor-element elementor-element-170eaad\" data-id=\"170eaad\" data-element_type=\"column\" data-e-type=\"column\">\n\t\t\t<div class=\"elementor-widget-wrap elementor-element-populated\">\n\t\t\t\t\t\t<div class=\"elementor-element elementor-element-29daa7b elementor-widget elementor-widget-menu-anchor\" data-id=\"29daa7b\" data-element_type=\"widget\" data-e-type=\"widget\" data-widget_type=\"menu-anchor.default\">\n\t\t\t\t<div class=\"elementor-widget-container\">\n\t\t\t\t\t\t\t<div class=\"elementor-menu-anchor\" id=\"aktuelles\"><\/div>\n\t\t\t\t\t\t<\/div>\n\t\t\t\t<\/div>\n\t\t\t\t<div class=\"elementor-element elementor-element-a54beb3 elementor-widget elementor-widget-heading\" data-id=\"a54beb3\" data-element_type=\"widget\" data-e-type=\"widget\" data-widget_type=\"heading.default\">\n\t\t\t\t<div class=\"elementor-widget-container\">\n\t\t\t\t\t<h2 class=\"elementor-heading-title elementor-size-default\">Aktuelles<\/h2>\t\t\t\t<\/div>\n\t\t\t\t<\/div>\n\t\t\t\t<div class=\"elementor-element elementor-element-c61ad1e elementor-widget-divider--view-line_text elementor-widget-divider--element-align-center elementor-widget elementor-widget-divider\" data-id=\"c61ad1e\" data-element_type=\"widget\" data-e-type=\"widget\" data-widget_type=\"divider.default\">\n\t\t\t\t<div class=\"elementor-widget-container\">\n\t\t\t\t\t\t\t<div class=\"elementor-divider\">\n\t\t\t<span class=\"elementor-divider-separator\">\n\t\t\t\t\t\t<\/span>\n\t\t<\/div>\n\t\t\t\t\t\t<\/div>\n\t\t\t\t<\/div>\n\t\t\t\t\t<\/div>\n\t\t<\/div>\n\t\t\t\t\t<\/div>\n\t\t<\/section>\n\t\t\t\t<section class=\"elementor-section elementor-top-section elementor-element elementor-element-ef4afb0 elementor-section-boxed elementor-section-height-default elementor-section-height-default\" data-id=\"ef4afb0\" data-element_type=\"section\" data-e-type=\"section\" data-settings=\"{&quot;_ha_eqh_enable&quot;:false}\">\n\t\t\t\t\t\t<div class=\"elementor-container elementor-column-gap-default\">\n\t\t\t\t\t<div class=\"elementor-column elementor-col-100 elementor-top-column elementor-element elementor-element-77bd631\" data-id=\"77bd631\" data-element_type=\"column\" data-e-type=\"column\">\n\t\t\t<div class=\"elementor-widget-wrap elementor-element-populated\">\n\t\t\t\t\t\t<div class=\"elementor-element elementor-element-c6807b6 uael-equal__height-yes uael-posts-thumbnail-ratio elementor-widget elementor-widget-uael-posts\" data-id=\"c6807b6\" data-element_type=\"widget\" data-e-type=\"widget\" data-settings=\"{&quot;classic_slides_to_show&quot;:3,&quot;classic_slides_to_show_tablet&quot;:2,&quot;classic_slides_to_show_mobile&quot;:1}\" data-widget_type=\"uael-posts.classic\">\n\t\t\t\t<div class=\"elementor-widget-container\">\n\t\t\t\t\t\t\t<div class=\"uael-post__header\">\n\t\t\t\t\t<\/div>\n\t\t<div class=\"uael-post__body\">\n\t\t\t\n\t\t\n\t\t<div class=\"uael-blog-terms-position-above_content uael-post-image-top uael-post-grid uael-posts\" data-query-type=\"custom\" data-structure=\"normal\" data-layout=\"\" data-page=\"8509\" data-skin=\"classic\" data-filter-default=\"\" data-offset-top=\"30\" >\n\n\t\t\t\t\t\t\t<div class=\"uael-post-grid__inner uael-post__columns-3 uael-post__columns-tablet-2 uael-post__columns-mobile-1\">\n\t\t\t\n<div class=\"uael-post-wrapper   rezept \">\n\t<div class=\"uael-post__bg-wrap uael-bg-wrap-disabled \">\n\n\t\t\t\t\n\t\t<div class=\"uael-post__inner-wrap uael-inner-wrap-disabled\">\n\n\t\t\t\t<div class=\"uael-post__thumbnail\">\n\t\t\t\n\t\t\t<a href=\"https:\/\/2023.bio-waeberhof.ch\/de\/dahl-mit-gruene-linsen\/\" target=\"_self\" title=\"Dahl mit gr\u00fcne Linsen\"><img fetchpriority=\"high\" decoding=\"async\" width=\"800\" height=\"800\" src=\"https:\/\/2023.bio-waeberhof.ch\/wp-content\/uploads\/2026\/02\/dahl-lentilles-vertes-rotated.jpg\" class=\"attachment-full size-full wp-image-10894\" alt=\"dahl de lentilles vertes\" srcset=\"https:\/\/2023.bio-waeberhof.ch\/wp-content\/uploads\/2026\/02\/dahl-lentilles-vertes-rotated.jpg 800w, https:\/\/2023.bio-waeberhof.ch\/wp-content\/uploads\/2026\/02\/dahl-lentilles-vertes-300x300.jpg 300w, https:\/\/2023.bio-waeberhof.ch\/wp-content\/uploads\/2026\/02\/dahl-lentilles-vertes-150x150.jpg 150w, https:\/\/2023.bio-waeberhof.ch\/wp-content\/uploads\/2026\/02\/dahl-lentilles-vertes-768x768.jpg 768w, https:\/\/2023.bio-waeberhof.ch\/wp-content\/uploads\/2026\/02\/dahl-lentilles-vertes-600x600.jpg 600w, https:\/\/2023.bio-waeberhof.ch\/wp-content\/uploads\/2026\/02\/dahl-lentilles-vertes-100x100.jpg 100w\" sizes=\"(max-width: 800px) 100vw, 800px\" \/><\/a>\n\t\t\t\t\t<\/div>\n\t\t\n\t\t\t\n\t\t\t<div class=\"uael-post__content-wrap uael-content-wrap-disabled\">\n\t\t\t\t\t\t\t<div class=\"uael-post__terms-wrap\"><span class=\"uael-post__terms\"><span class=\"uael-listing__terms-link\">Rezept<\/span><\/span><\/div>\n\t\t\t\t\t\t<h3 class=\"uael-post__title\">\n\n\t\t\n\t\t\t\t\t\t<a href=\"https:\/\/2023.bio-waeberhof.ch\/de\/dahl-mit-gruene-linsen\/\" target=\"_self\">\n\t\t\t\tDahl mit gr\u00fcne Linsen\t\t\t<\/a>\n\n\t\t\t\t<\/h3>\n\t\t\t\t\t<a class=\"uael-post__read-more elementor-button\" href=\"https:\/\/2023.bio-waeberhof.ch\/de\/dahl-mit-gruene-linsen\/\" target=\"_self\" aria-labelledby=\"uael-post-10900\">\n\t\t\t\t\t<span class=\"elementor-button-content-wrapper\">\n\t\t\t\t\t\t\t\t\t\t\t\t\t\t<span class=\"elementor-button-icon elementor-align-icon-left\">\n\n\t\t\t\t\t\t\t\t\t\n\t\t\t\t\t\t\t\t<\/span>\n\t\t\t\t\t\t\t\t\t\t\t\t\t\n\t\t\t\t\t\t<span class=\"elementor-button-text\" id=uael-post-10900>Weiterlesen &gt;<\/span>\n\t\t\t\t\t<\/span>\n\t\t\t\t<\/a>\n\t\t\t\t\t\t<\/div>\n\t\t\t\n\t\t<\/div>\n\t\t\n\t<\/div>\n\n<\/div>\n\n<div class=\"uael-post-wrapper   rezept \">\n\t<div class=\"uael-post__bg-wrap uael-bg-wrap-disabled \">\n\n\t\t\t\t\n\t\t<div class=\"uael-post__inner-wrap uael-inner-wrap-disabled\">\n\n\t\t\t\t<div class=\"uael-post__thumbnail\">\n\t\t\t\n\t\t\t<a href=\"https:\/\/2023.bio-waeberhof.ch\/de\/schwarzbohnen-burger\/\" target=\"_self\" title=\"Schwarzbohnen &#8222;Burger&#8220;\"><img decoding=\"async\" width=\"800\" height=\"667\" src=\"https:\/\/2023.bio-waeberhof.ch\/wp-content\/uploads\/2026\/02\/Burger-Haricots-noirs.jpg\" class=\"attachment-full size-full wp-image-10879\" alt=\"Burger haricots noirs\" srcset=\"https:\/\/2023.bio-waeberhof.ch\/wp-content\/uploads\/2026\/02\/Burger-Haricots-noirs.jpg 800w, https:\/\/2023.bio-waeberhof.ch\/wp-content\/uploads\/2026\/02\/Burger-Haricots-noirs-300x250.jpg 300w, https:\/\/2023.bio-waeberhof.ch\/wp-content\/uploads\/2026\/02\/Burger-Haricots-noirs-768x640.jpg 768w, https:\/\/2023.bio-waeberhof.ch\/wp-content\/uploads\/2026\/02\/Burger-Haricots-noirs-600x500.jpg 600w\" sizes=\"(max-width: 800px) 100vw, 800px\" \/><\/a>\n\t\t\t\t\t<\/div>\n\t\t\n\t\t\t\n\t\t\t<div class=\"uael-post__content-wrap uael-content-wrap-disabled\">\n\t\t\t\t\t\t\t<div class=\"uael-post__terms-wrap\"><span class=\"uael-post__terms\"><span class=\"uael-listing__terms-link\">Rezept<\/span><\/span><\/div>\n\t\t\t\t\t\t<h3 class=\"uael-post__title\">\n\n\t\t\n\t\t\t\t\t\t<a href=\"https:\/\/2023.bio-waeberhof.ch\/de\/schwarzbohnen-burger\/\" target=\"_self\">\n\t\t\t\tSchwarzbohnen &#8222;Burger&#8220;\t\t\t<\/a>\n\n\t\t\t\t<\/h3>\n\t\t\t\t\t<a class=\"uael-post__read-more elementor-button\" href=\"https:\/\/2023.bio-waeberhof.ch\/de\/schwarzbohnen-burger\/\" target=\"_self\" aria-labelledby=\"uael-post-10941\">\n\t\t\t\t\t<span class=\"elementor-button-content-wrapper\">\n\t\t\t\t\t\t\t\t\t\t\t\t\t\t<span class=\"elementor-button-icon elementor-align-icon-left\">\n\n\t\t\t\t\t\t\t\t\t\n\t\t\t\t\t\t\t\t<\/span>\n\t\t\t\t\t\t\t\t\t\t\t\t\t\n\t\t\t\t\t\t<span class=\"elementor-button-text\" id=uael-post-10941>Weiterlesen &gt;<\/span>\n\t\t\t\t\t<\/span>\n\t\t\t\t<\/a>\n\t\t\t\t\t\t<\/div>\n\t\t\t\n\t\t<\/div>\n\t\t\n\t<\/div>\n\n<\/div>\n\n<div class=\"uael-post-wrapper   rezept \">\n\t<div class=\"uael-post__bg-wrap uael-bg-wrap-disabled \">\n\n\t\t\t\t\n\t\t<div class=\"uael-post__inner-wrap uael-inner-wrap-disabled\">\n\n\t\t\t\t<div class=\"uael-post__thumbnail\">\n\t\t\t\n\t\t\t<a href=\"https:\/\/2023.bio-waeberhof.ch\/de\/schwarzen-bohnen-curry-mit-suesskartoffeln\/\" target=\"_self\" title=\"Schwarzen Bohnen Curry mit S\u00fcsskartoffeln\"><img decoding=\"async\" width=\"1908\" height=\"1908\" src=\"https:\/\/2023.bio-waeberhof.ch\/wp-content\/uploads\/2026\/02\/curry-patates-douces-et-haricots-black-turtle2.jpg\" class=\"attachment-full size-full wp-image-9328\" alt=\"Schwarzen Bohnen Curry\" srcset=\"https:\/\/2023.bio-waeberhof.ch\/wp-content\/uploads\/2026\/02\/curry-patates-douces-et-haricots-black-turtle2.jpg 1908w, https:\/\/2023.bio-waeberhof.ch\/wp-content\/uploads\/2026\/02\/curry-patates-douces-et-haricots-black-turtle2-300x300.jpg 300w, https:\/\/2023.bio-waeberhof.ch\/wp-content\/uploads\/2026\/02\/curry-patates-douces-et-haricots-black-turtle2-1024x1024.jpg 1024w, https:\/\/2023.bio-waeberhof.ch\/wp-content\/uploads\/2026\/02\/curry-patates-douces-et-haricots-black-turtle2-150x150.jpg 150w, https:\/\/2023.bio-waeberhof.ch\/wp-content\/uploads\/2026\/02\/curry-patates-douces-et-haricots-black-turtle2-768x768.jpg 768w, https:\/\/2023.bio-waeberhof.ch\/wp-content\/uploads\/2026\/02\/curry-patates-douces-et-haricots-black-turtle2-1536x1536.jpg 1536w, https:\/\/2023.bio-waeberhof.ch\/wp-content\/uploads\/2026\/02\/curry-patates-douces-et-haricots-black-turtle2-600x600.jpg 600w, https:\/\/2023.bio-waeberhof.ch\/wp-content\/uploads\/2026\/02\/curry-patates-douces-et-haricots-black-turtle2-100x100.jpg 100w\" sizes=\"(max-width: 1908px) 100vw, 1908px\" \/><\/a>\n\t\t\t\t\t<\/div>\n\t\t\n\t\t\t\n\t\t\t<div class=\"uael-post__content-wrap uael-content-wrap-disabled\">\n\t\t\t\t\t\t\t<div class=\"uael-post__terms-wrap\"><span class=\"uael-post__terms\"><span class=\"uael-listing__terms-link\">Rezept<\/span><\/span><\/div>\n\t\t\t\t\t\t<h3 class=\"uael-post__title\">\n\n\t\t\n\t\t\t\t\t\t<a href=\"https:\/\/2023.bio-waeberhof.ch\/de\/schwarzen-bohnen-curry-mit-suesskartoffeln\/\" target=\"_self\">\n\t\t\t\tSchwarzen Bohnen Curry mit S\u00fcsskartoffeln\t\t\t<\/a>\n\n\t\t\t\t<\/h3>\n\t\t\t\t\t<a class=\"uael-post__read-more elementor-button\" href=\"https:\/\/2023.bio-waeberhof.ch\/de\/schwarzen-bohnen-curry-mit-suesskartoffeln\/\" target=\"_self\" aria-labelledby=\"uael-post-10679\">\n\t\t\t\t\t<span class=\"elementor-button-content-wrapper\">\n\t\t\t\t\t\t\t\t\t\t\t\t\t\t<span class=\"elementor-button-icon elementor-align-icon-left\">\n\n\t\t\t\t\t\t\t\t\t\n\t\t\t\t\t\t\t\t<\/span>\n\t\t\t\t\t\t\t\t\t\t\t\t\t\n\t\t\t\t\t\t<span class=\"elementor-button-text\" id=uael-post-10679>Weiterlesen &gt;<\/span>\n\t\t\t\t\t<\/span>\n\t\t\t\t<\/a>\n\t\t\t\t\t\t<\/div>\n\t\t\t\n\t\t<\/div>\n\t\t\n\t<\/div>\n\n<\/div>\n\t\t\t\t<\/div>\n\t\t\t\t\t\t\n\t\t<\/div>\n\n\t\t\t\t\t\t<\/div>\n\t\t<div class=\"uael-post__footer\">\n\t\t\t\t\t<\/div>\n\t\t\t\t\t\t<\/div>\n\t\t\t\t<\/div>\n\t\t\t\t<div class=\"elementor-element elementor-element-5148794 elementor-widget elementor-widget-text-editor\" data-id=\"5148794\" data-element_type=\"widget\" data-e-type=\"widget\" data-widget_type=\"text-editor.default\">\n\t\t\t\t<div class=\"elementor-widget-container\">\n\t\t\t\t\t\t\t\t\t<p><a href=\"https:\/\/2023.bio-waeberhof.ch\/de\/aktuelles\/\">Alle Artikel &gt;<\/a><\/p>\t\t\t\t\t\t\t\t<\/div>\n\t\t\t\t<\/div>\n\t\t\t\t\t<\/div>\n\t\t<\/div>\n\t\t\t\t\t<\/div>\n\t\t<\/section>\n\t\t\t\t<\/div>\n\t\t","protected":false},"excerpt":{"rendered":"<p>Willkommen auf dem Bio-W\u00e4berhof Im Berner Seeland bietet unser Bauernhof frische Bio-Lebensmittel aus eigenem Anbau und eigener Verarbeitung. Seit 2004 biologisch! \u00dcber uns Unsere Produkte kaufen Hofladen Mardi, mercredi et vendredi 13h30 \u2013 18h00 Samedi 9h00 \u2013 13h00\u200b M\u00e4rkte Fribourg, Neuch\u00e2tel, La Chaux de Fonds, Berne et B\u00fcmpliz\u200b Webshop Commandez et choisissez votre lieu de [&hellip;]<\/p>\n","protected":false},"author":1,"featured_media":789,"parent":0,"menu_order":0,"comment_status":"closed","ping_status":"closed","template":"elementor_header_footer","meta":{"_acf_changed":false,"footnotes":""},"class_list":["post-8509","page","type-page","status-publish","has-post-thumbnail","hentry"],"acf":[],"publishpress_future_action":{"enabled":false,"date":"2026-04-26 11:36:22","action":"change-status","newStatus":"draft","terms":[],"taxonomy":"translation_priority","extraData":[]},"publishpress_future_workflow_manual_trigger":{"enabledWorkflows":[]},"_links":{"self":[{"href":"https:\/\/2023.bio-waeberhof.ch\/de\/wp-json\/wp\/v2\/pages\/8509","targetHints":{"allow":["GET"]}}],"collection":[{"href":"https:\/\/2023.bio-waeberhof.ch\/de\/wp-json\/wp\/v2\/pages"}],"about":[{"href":"https:\/\/2023.bio-waeberhof.ch\/de\/wp-json\/wp\/v2\/types\/page"}],"author":[{"embeddable":true,"href":"https:\/\/2023.bio-waeberhof.ch\/de\/wp-json\/wp\/v2\/users\/1"}],"replies":[{"embeddable":true,"href":"https:\/\/2023.bio-waeberhof.ch\/de\/wp-json\/wp\/v2\/comments?post=8509"}],"version-history":[{"count":29,"href":"https:\/\/2023.bio-waeberhof.ch\/de\/wp-json\/wp\/v2\/pages\/8509\/revisions"}],"predecessor-version":[{"id":10944,"href":"https:\/\/2023.bio-waeberhof.ch\/de\/wp-json\/wp\/v2\/pages\/8509\/revisions\/10944"}],"wp:featuredmedia":[{"embeddable":true,"href":"https:\/\/2023.bio-waeberhof.ch\/de\/wp-json\/wp\/v2\/media\/789"}],"wp:attachment":[{"href":"https:\/\/2023.bio-waeberhof.ch\/de\/wp-json\/wp\/v2\/media?parent=8509"}],"curies":[{"name":"wp","href":"https:\/\/api.w.org\/{rel}","templated":true}]}}