{"id":8598,"date":"2025-04-11T14:05:57","date_gmt":"2025-04-11T14:05:57","guid":{"rendered":"https:\/\/2023.bio-waeberhof.ch\/aktuelles\/"},"modified":"2026-02-11T11:34:56","modified_gmt":"2026-02-11T11:34:56","slug":"aktuelles","status":"publish","type":"page","link":"https:\/\/2023.bio-waeberhof.ch\/de\/aktuelles\/","title":{"rendered":"Aktuelles"},"content":{"rendered":"\t\t<div data-elementor-type=\"wp-page\" data-elementor-id=\"8598\" class=\"elementor elementor-8598 elementor-2378\" data-elementor-settings=\"{&quot;ha_cmc_init_switcher&quot;:&quot;no&quot;}\" data-elementor-post-type=\"page\">\n\t\t\t\t\t\t<section class=\"elementor-section elementor-top-section elementor-element elementor-element-60c8ecf elementor-section-boxed elementor-section-height-default elementor-section-height-default\" data-id=\"60c8ecf\" data-element_type=\"section\" data-e-type=\"section\" data-settings=\"{&quot;_ha_eqh_enable&quot;:false}\">\n\t\t\t\t\t\t<div class=\"elementor-container elementor-column-gap-default\">\n\t\t\t\t\t<div class=\"elementor-column elementor-col-100 elementor-top-column elementor-element elementor-element-5f86afb\" data-id=\"5f86afb\" data-element_type=\"column\" data-e-type=\"column\">\n\t\t\t<div class=\"elementor-widget-wrap elementor-element-populated\">\n\t\t\t\t\t\t<div class=\"elementor-element elementor-element-340477a5 elementor-widget elementor-widget-heading\" data-id=\"340477a5\" data-element_type=\"widget\" data-e-type=\"widget\" data-widget_type=\"heading.default\">\n\t\t\t\t<div class=\"elementor-widget-container\">\n\t\t\t\t\t<h1 class=\"elementor-heading-title elementor-size-default\">Aktuelles<\/h1>\t\t\t\t<\/div>\n\t\t\t\t<\/div>\n\t\t\t\t<div class=\"elementor-element elementor-element-d3e94b7 uael-equal__height-yes uael-posts-thumbnail-ratio elementor-widget elementor-widget-uael-posts\" data-id=\"d3e94b7\" data-element_type=\"widget\" data-e-type=\"widget\" data-settings=\"{&quot;classic_show_filters&quot;:&quot;yes&quot;,&quot;classic_slides_to_show&quot;:3,&quot;classic_slides_to_show_tablet&quot;:2,&quot;classic_slides_to_show_mobile&quot;:1}\" data-widget_type=\"uael-posts.classic\">\n\t\t\t\t<div class=\"elementor-widget-container\">\n\t\t\t\t\t\t\t<div class=\"uael-post__header\">\n\t\t\t\t\t<div class=\"uael-post__header-filters-wrap uael-posts-tabs-dropdown\">\n\t\t\t<ul class=\"uael-post__header-filters\" aria-label=\"Taxonomie-Filter\">\n\t\t\t\t<li class=\"uael-post__header-filter uael-filter__current\" data-filter=\"*\">Alle Kategorien<\/li>\n\t\t\t\t\t\t\t\t<li class=\"uael-post__header-filter\" data-filter=\".news\" tabindex=\"0\">News<\/li>\n\t\t\t\t\t\t\t\t<li class=\"uael-post__header-filter\" data-filter=\".rezept\" tabindex=\"0\">Rezept<\/li>\n\t\t\t\t\t\t\t<\/ul>\n\n\t\t\t\t\t\t\t<div class=\"uael-filters-dropdown\">\n\t\t\t\t\t<div class=\"uael-filters-dropdown-button\">Alle Kategorien<i class=\"fa fa-angle-down\"><\/i><\/div>\n\n\t\t\t\t\t<ul class=\"uael-filters-dropdown-list uael-post__header-filters\">\n\t\t\t\t\t\t<li class=\"uael-filters-dropdown-item uael-post__header-filter uael-filter__current\" data-filter=\"*\">Alle Kategorien<\/li>\n\t\t\t\t\t\t\t\t\t\t\t\t<li class=\"uael-filters-dropdown-item uael-post__header-filter\" data-filter=\".news\">News<\/li>\n\t\t\t\t\t\t\t\t\t\t\t\t<li class=\"uael-filters-dropdown-item uael-post__header-filter\" data-filter=\".rezept\">Rezept<\/li>\n\t\t\t\t\t\t\t\t\t\t\t<\/ul>\n\t\t\t\t<\/div>\n\t\t\t\t\t<\/div>\n\t\t\t\t<\/div>\n\t\t<div class=\"uael-post__body\">\n\t\t\t\n\t\t\n\t\t<div class=\"uael-blog-terms-position-above_content uael-post-image-top uael-post-grid uael-posts\" data-query-type=\"custom\" data-structure=\"normal\" data-layout=\"\" data-page=\"8598\" data-skin=\"classic\" data-filter-default=\"Alle Kategorien\" data-offset-top=\"30\" data-default-filter=\"actualite\" >\n\n\t\t\t\t\t\t\t<div class=\"uael-post-grid__inner uael-post__columns-3 uael-post__columns-tablet-2 uael-post__columns-mobile-1\">\n\t\t\t\n<div class=\"uael-post-wrapper rezept  rezept \">\n\t<div class=\"uael-post__bg-wrap uael-bg-wrap-disabled \">\n\n\t\t\t\t\n\t\t<div class=\"uael-post__inner-wrap uael-inner-wrap-disabled\">\n\n\t\t\t\t<div class=\"uael-post__thumbnail\">\n\t\t\t\n\t\t\t<a href=\"https:\/\/2023.bio-waeberhof.ch\/de\/dahl-mit-gruene-linsen\/\" target=\"_self\" title=\"Dahl mit gr\u00fcne Linsen\"><img fetchpriority=\"high\" decoding=\"async\" width=\"800\" height=\"800\" src=\"https:\/\/2023.bio-waeberhof.ch\/wp-content\/uploads\/2026\/02\/dahl-lentilles-vertes-rotated.jpg\" class=\"attachment-full size-full wp-image-10894\" alt=\"dahl de lentilles vertes\" srcset=\"https:\/\/2023.bio-waeberhof.ch\/wp-content\/uploads\/2026\/02\/dahl-lentilles-vertes-rotated.jpg 800w, https:\/\/2023.bio-waeberhof.ch\/wp-content\/uploads\/2026\/02\/dahl-lentilles-vertes-300x300.jpg 300w, https:\/\/2023.bio-waeberhof.ch\/wp-content\/uploads\/2026\/02\/dahl-lentilles-vertes-150x150.jpg 150w, https:\/\/2023.bio-waeberhof.ch\/wp-content\/uploads\/2026\/02\/dahl-lentilles-vertes-768x768.jpg 768w, https:\/\/2023.bio-waeberhof.ch\/wp-content\/uploads\/2026\/02\/dahl-lentilles-vertes-600x600.jpg 600w, https:\/\/2023.bio-waeberhof.ch\/wp-content\/uploads\/2026\/02\/dahl-lentilles-vertes-100x100.jpg 100w\" sizes=\"(max-width: 800px) 100vw, 800px\" \/><\/a>\n\t\t\t\t\t<\/div>\n\t\t\n\t\t\t\n\t\t\t<div class=\"uael-post__content-wrap uael-content-wrap-disabled\">\n\t\t\t\t\t\t\t<div class=\"uael-post__terms-wrap\"><span class=\"uael-post__terms\"><span class=\"uael-listing__terms-link\">Rezept<\/span><\/span><\/div>\n\t\t\t\t\t\t<h3 class=\"uael-post__title\">\n\n\t\t\n\t\t\t\t\t\t<a href=\"https:\/\/2023.bio-waeberhof.ch\/de\/dahl-mit-gruene-linsen\/\" target=\"_self\">\n\t\t\t\tDahl mit gr\u00fcne Linsen\t\t\t<\/a>\n\n\t\t\t\t<\/h3>\n\t\t\t\t\t<a class=\"uael-post__read-more elementor-button\" href=\"https:\/\/2023.bio-waeberhof.ch\/de\/dahl-mit-gruene-linsen\/\" target=\"_self\" aria-labelledby=\"uael-post-10900\">\n\t\t\t\t\t<span class=\"elementor-button-content-wrapper\">\n\t\t\t\t\t\t\t\t\t\t\t\t\t\t<span class=\"elementor-button-icon elementor-align-icon-left\">\n\n\t\t\t\t\t\t\t\t\t\n\t\t\t\t\t\t\t\t<\/span>\n\t\t\t\t\t\t\t\t\t\t\t\t\t\n\t\t\t\t\t\t<span class=\"elementor-button-text\" id=uael-post-10900>Weiterlesen &gt;<\/span>\n\t\t\t\t\t<\/span>\n\t\t\t\t<\/a>\n\t\t\t\t\t\t<\/div>\n\t\t\t\n\t\t<\/div>\n\t\t\n\t<\/div>\n\n<\/div>\n\n<div class=\"uael-post-wrapper rezept  rezept \">\n\t<div class=\"uael-post__bg-wrap uael-bg-wrap-disabled \">\n\n\t\t\t\t\n\t\t<div class=\"uael-post__inner-wrap uael-inner-wrap-disabled\">\n\n\t\t\t\t<div class=\"uael-post__thumbnail\">\n\t\t\t\n\t\t\t<a href=\"https:\/\/2023.bio-waeberhof.ch\/de\/schwarzbohnen-burger\/\" target=\"_self\" title=\"Schwarzbohnen &#8222;Burger&#8220;\"><img decoding=\"async\" width=\"800\" height=\"667\" src=\"https:\/\/2023.bio-waeberhof.ch\/wp-content\/uploads\/2026\/02\/Burger-Haricots-noirs.jpg\" class=\"attachment-full size-full wp-image-10879\" alt=\"Burger haricots noirs\" srcset=\"https:\/\/2023.bio-waeberhof.ch\/wp-content\/uploads\/2026\/02\/Burger-Haricots-noirs.jpg 800w, https:\/\/2023.bio-waeberhof.ch\/wp-content\/uploads\/2026\/02\/Burger-Haricots-noirs-300x250.jpg 300w, https:\/\/2023.bio-waeberhof.ch\/wp-content\/uploads\/2026\/02\/Burger-Haricots-noirs-768x640.jpg 768w, https:\/\/2023.bio-waeberhof.ch\/wp-content\/uploads\/2026\/02\/Burger-Haricots-noirs-600x500.jpg 600w\" sizes=\"(max-width: 800px) 100vw, 800px\" \/><\/a>\n\t\t\t\t\t<\/div>\n\t\t\n\t\t\t\n\t\t\t<div class=\"uael-post__content-wrap uael-content-wrap-disabled\">\n\t\t\t\t\t\t\t<div class=\"uael-post__terms-wrap\"><span class=\"uael-post__terms\"><span class=\"uael-listing__terms-link\">Rezept<\/span><\/span><\/div>\n\t\t\t\t\t\t<h3 class=\"uael-post__title\">\n\n\t\t\n\t\t\t\t\t\t<a href=\"https:\/\/2023.bio-waeberhof.ch\/de\/schwarzbohnen-burger\/\" target=\"_self\">\n\t\t\t\tSchwarzbohnen &#8222;Burger&#8220;\t\t\t<\/a>\n\n\t\t\t\t<\/h3>\n\t\t\t\t\t<a class=\"uael-post__read-more elementor-button\" href=\"https:\/\/2023.bio-waeberhof.ch\/de\/schwarzbohnen-burger\/\" target=\"_self\" aria-labelledby=\"uael-post-10941\">\n\t\t\t\t\t<span class=\"elementor-button-content-wrapper\">\n\t\t\t\t\t\t\t\t\t\t\t\t\t\t<span class=\"elementor-button-icon elementor-align-icon-left\">\n\n\t\t\t\t\t\t\t\t\t\n\t\t\t\t\t\t\t\t<\/span>\n\t\t\t\t\t\t\t\t\t\t\t\t\t\n\t\t\t\t\t\t<span class=\"elementor-button-text\" id=uael-post-10941>Weiterlesen &gt;<\/span>\n\t\t\t\t\t<\/span>\n\t\t\t\t<\/a>\n\t\t\t\t\t\t<\/div>\n\t\t\t\n\t\t<\/div>\n\t\t\n\t<\/div>\n\n<\/div>\n\n<div class=\"uael-post-wrapper rezept  rezept \">\n\t<div class=\"uael-post__bg-wrap uael-bg-wrap-disabled \">\n\n\t\t\t\t\n\t\t<div class=\"uael-post__inner-wrap uael-inner-wrap-disabled\">\n\n\t\t\t\t<div class=\"uael-post__thumbnail\">\n\t\t\t\n\t\t\t<a href=\"https:\/\/2023.bio-waeberhof.ch\/de\/schwarzen-bohnen-curry-mit-suesskartoffeln\/\" target=\"_self\" title=\"Schwarzen Bohnen Curry mit S\u00fcsskartoffeln\"><img decoding=\"async\" width=\"1908\" height=\"1908\" src=\"https:\/\/2023.bio-waeberhof.ch\/wp-content\/uploads\/2026\/02\/curry-patates-douces-et-haricots-black-turtle2.jpg\" class=\"attachment-full size-full wp-image-9328\" alt=\"Schwarzen Bohnen Curry\" srcset=\"https:\/\/2023.bio-waeberhof.ch\/wp-content\/uploads\/2026\/02\/curry-patates-douces-et-haricots-black-turtle2.jpg 1908w, https:\/\/2023.bio-waeberhof.ch\/wp-content\/uploads\/2026\/02\/curry-patates-douces-et-haricots-black-turtle2-300x300.jpg 300w, https:\/\/2023.bio-waeberhof.ch\/wp-content\/uploads\/2026\/02\/curry-patates-douces-et-haricots-black-turtle2-1024x1024.jpg 1024w, https:\/\/2023.bio-waeberhof.ch\/wp-content\/uploads\/2026\/02\/curry-patates-douces-et-haricots-black-turtle2-150x150.jpg 150w, https:\/\/2023.bio-waeberhof.ch\/wp-content\/uploads\/2026\/02\/curry-patates-douces-et-haricots-black-turtle2-768x768.jpg 768w, https:\/\/2023.bio-waeberhof.ch\/wp-content\/uploads\/2026\/02\/curry-patates-douces-et-haricots-black-turtle2-1536x1536.jpg 1536w, https:\/\/2023.bio-waeberhof.ch\/wp-content\/uploads\/2026\/02\/curry-patates-douces-et-haricots-black-turtle2-600x600.jpg 600w, https:\/\/2023.bio-waeberhof.ch\/wp-content\/uploads\/2026\/02\/curry-patates-douces-et-haricots-black-turtle2-100x100.jpg 100w\" sizes=\"(max-width: 1908px) 100vw, 1908px\" \/><\/a>\n\t\t\t\t\t<\/div>\n\t\t\n\t\t\t\n\t\t\t<div class=\"uael-post__content-wrap uael-content-wrap-disabled\">\n\t\t\t\t\t\t\t<div class=\"uael-post__terms-wrap\"><span class=\"uael-post__terms\"><span class=\"uael-listing__terms-link\">Rezept<\/span><\/span><\/div>\n\t\t\t\t\t\t<h3 class=\"uael-post__title\">\n\n\t\t\n\t\t\t\t\t\t<a href=\"https:\/\/2023.bio-waeberhof.ch\/de\/schwarzen-bohnen-curry-mit-suesskartoffeln\/\" target=\"_self\">\n\t\t\t\tSchwarzen Bohnen Curry mit S\u00fcsskartoffeln\t\t\t<\/a>\n\n\t\t\t\t<\/h3>\n\t\t\t\t\t<a class=\"uael-post__read-more elementor-button\" href=\"https:\/\/2023.bio-waeberhof.ch\/de\/schwarzen-bohnen-curry-mit-suesskartoffeln\/\" target=\"_self\" aria-labelledby=\"uael-post-10679\">\n\t\t\t\t\t<span class=\"elementor-button-content-wrapper\">\n\t\t\t\t\t\t\t\t\t\t\t\t\t\t<span class=\"elementor-button-icon elementor-align-icon-left\">\n\n\t\t\t\t\t\t\t\t\t\n\t\t\t\t\t\t\t\t<\/span>\n\t\t\t\t\t\t\t\t\t\t\t\t\t\n\t\t\t\t\t\t<span class=\"elementor-button-text\" id=uael-post-10679>Weiterlesen &gt;<\/span>\n\t\t\t\t\t<\/span>\n\t\t\t\t<\/a>\n\t\t\t\t\t\t<\/div>\n\t\t\t\n\t\t<\/div>\n\t\t\n\t<\/div>\n\n<\/div>\n\n<div class=\"uael-post-wrapper news  news \">\n\t<div class=\"uael-post__bg-wrap uael-bg-wrap-disabled \">\n\n\t\t\t\t\n\t\t<div class=\"uael-post__inner-wrap uael-inner-wrap-disabled\">\n\n\t\t\t\t<div class=\"uael-post__thumbnail\">\n\t\t\t\n\t\t\t<a href=\"https:\/\/2023.bio-waeberhof.ch\/de\/bezahlen-mit-karte\/\" target=\"_self\" title=\"Bezahlen mit Karte\"><img loading=\"lazy\" decoding=\"async\" width=\"800\" height=\"800\" src=\"https:\/\/2023.bio-waeberhof.ch\/wp-content\/uploads\/2026\/02\/Payement-par-carte-mars-2026-image.jpg\" class=\"attachment-full size-full wp-image-8621\" alt=\"Payer au magasin par carte\" srcset=\"https:\/\/2023.bio-waeberhof.ch\/wp-content\/uploads\/2026\/02\/Payement-par-carte-mars-2026-image.jpg 800w, https:\/\/2023.bio-waeberhof.ch\/wp-content\/uploads\/2026\/02\/Payement-par-carte-mars-2026-image-300x300.jpg 300w, https:\/\/2023.bio-waeberhof.ch\/wp-content\/uploads\/2026\/02\/Payement-par-carte-mars-2026-image-150x150.jpg 150w, https:\/\/2023.bio-waeberhof.ch\/wp-content\/uploads\/2026\/02\/Payement-par-carte-mars-2026-image-768x768.jpg 768w, https:\/\/2023.bio-waeberhof.ch\/wp-content\/uploads\/2026\/02\/Payement-par-carte-mars-2026-image-600x600.jpg 600w, https:\/\/2023.bio-waeberhof.ch\/wp-content\/uploads\/2026\/02\/Payement-par-carte-mars-2026-image-100x100.jpg 100w\" sizes=\"(max-width: 800px) 100vw, 800px\" \/><\/a>\n\t\t\t\t\t<\/div>\n\t\t\n\t\t\t\n\t\t\t<div class=\"uael-post__content-wrap uael-content-wrap-disabled\">\n\t\t\t\t\t\t\t<div class=\"uael-post__terms-wrap\"><span class=\"uael-post__terms\"><span class=\"uael-listing__terms-link\">News<\/span><\/span><\/div>\n\t\t\t\t\t\t<h3 class=\"uael-post__title\">\n\n\t\t\n\t\t\t\t\t\t<a href=\"https:\/\/2023.bio-waeberhof.ch\/de\/bezahlen-mit-karte\/\" target=\"_self\">\n\t\t\t\tBezahlen mit Karte\t\t\t<\/a>\n\n\t\t\t\t<\/h3>\n\t\t\t\t\t<a class=\"uael-post__read-more elementor-button\" href=\"https:\/\/2023.bio-waeberhof.ch\/de\/bezahlen-mit-karte\/\" target=\"_self\" aria-labelledby=\"uael-post-8626\">\n\t\t\t\t\t<span class=\"elementor-button-content-wrapper\">\n\t\t\t\t\t\t\t\t\t\t\t\t\t\t<span class=\"elementor-button-icon elementor-align-icon-left\">\n\n\t\t\t\t\t\t\t\t\t\n\t\t\t\t\t\t\t\t<\/span>\n\t\t\t\t\t\t\t\t\t\t\t\t\t\n\t\t\t\t\t\t<span class=\"elementor-button-text\" id=uael-post-8626>Weiterlesen &gt;<\/span>\n\t\t\t\t\t<\/span>\n\t\t\t\t<\/a>\n\t\t\t\t\t\t<\/div>\n\t\t\t\n\t\t<\/div>\n\t\t\n\t<\/div>\n\n<\/div>\n\n<div class=\"uael-post-wrapper rezept  rezept \">\n\t<div class=\"uael-post__bg-wrap uael-bg-wrap-disabled \">\n\n\t\t\t\t\n\t\t<div class=\"uael-post__inner-wrap uael-inner-wrap-disabled\">\n\n\t\t\t\t<div class=\"uael-post__thumbnail\">\n\t\t\t\n\t\t\t<a href=\"https:\/\/2023.bio-waeberhof.ch\/de\/gebackenes-gemuese-auf-bohnenaufstrich\/\" target=\"_self\" title=\"Gebackenes Gem\u00fcse auf Bohnenaufstrich\"><img loading=\"lazy\" decoding=\"async\" width=\"1414\" height=\"1414\" src=\"https:\/\/2023.bio-waeberhof.ch\/wp-content\/uploads\/2026\/02\/Legumes-au-four-sur-tartinade-image.jpg\" class=\"attachment-full size-full wp-image-8408\" alt=\"recette l\u00e9gumes au four\" srcset=\"https:\/\/2023.bio-waeberhof.ch\/wp-content\/uploads\/2026\/02\/Legumes-au-four-sur-tartinade-image.jpg 1414w, https:\/\/2023.bio-waeberhof.ch\/wp-content\/uploads\/2026\/02\/Legumes-au-four-sur-tartinade-image-300x300.jpg 300w, https:\/\/2023.bio-waeberhof.ch\/wp-content\/uploads\/2026\/02\/Legumes-au-four-sur-tartinade-image-1024x1024.jpg 1024w, https:\/\/2023.bio-waeberhof.ch\/wp-content\/uploads\/2026\/02\/Legumes-au-four-sur-tartinade-image-150x150.jpg 150w, https:\/\/2023.bio-waeberhof.ch\/wp-content\/uploads\/2026\/02\/Legumes-au-four-sur-tartinade-image-768x768.jpg 768w, https:\/\/2023.bio-waeberhof.ch\/wp-content\/uploads\/2026\/02\/Legumes-au-four-sur-tartinade-image-600x600.jpg 600w, https:\/\/2023.bio-waeberhof.ch\/wp-content\/uploads\/2026\/02\/Legumes-au-four-sur-tartinade-image-100x100.jpg 100w\" sizes=\"(max-width: 1414px) 100vw, 1414px\" \/><\/a>\n\t\t\t\t\t<\/div>\n\t\t\n\t\t\t\n\t\t\t<div class=\"uael-post__content-wrap uael-content-wrap-disabled\">\n\t\t\t\t\t\t\t<div class=\"uael-post__terms-wrap\"><span class=\"uael-post__terms\"><span class=\"uael-listing__terms-link\">Rezept<\/span><\/span><\/div>\n\t\t\t\t\t\t<h3 class=\"uael-post__title\">\n\n\t\t\n\t\t\t\t\t\t<a href=\"https:\/\/2023.bio-waeberhof.ch\/de\/gebackenes-gemuese-auf-bohnenaufstrich\/\" target=\"_self\">\n\t\t\t\tGebackenes Gem\u00fcse auf Bohnenaufstrich\t\t\t<\/a>\n\n\t\t\t\t<\/h3>\n\t\t\t\t\t<a class=\"uael-post__read-more elementor-button\" href=\"https:\/\/2023.bio-waeberhof.ch\/de\/gebackenes-gemuese-auf-bohnenaufstrich\/\" target=\"_self\" aria-labelledby=\"uael-post-8589\">\n\t\t\t\t\t<span class=\"elementor-button-content-wrapper\">\n\t\t\t\t\t\t\t\t\t\t\t\t\t\t<span class=\"elementor-button-icon elementor-align-icon-left\">\n\n\t\t\t\t\t\t\t\t\t\n\t\t\t\t\t\t\t\t<\/span>\n\t\t\t\t\t\t\t\t\t\t\t\t\t\n\t\t\t\t\t\t<span class=\"elementor-button-text\" id=uael-post-8589>Weiterlesen &gt;<\/span>\n\t\t\t\t\t<\/span>\n\t\t\t\t<\/a>\n\t\t\t\t\t\t<\/div>\n\t\t\t\n\t\t<\/div>\n\t\t\n\t<\/div>\n\n<\/div>\n\n<div class=\"uael-post-wrapper rezept  rezept \">\n\t<div class=\"uael-post__bg-wrap uael-bg-wrap-disabled \">\n\n\t\t\t\t\n\t\t<div class=\"uael-post__inner-wrap uael-inner-wrap-disabled\">\n\n\t\t\t\t<div class=\"uael-post__thumbnail\">\n\t\t\t\n\t\t\t<a href=\"https:\/\/2023.bio-waeberhof.ch\/de\/__trashed\/\" target=\"_self\" title=\"Gem\u00fcsesalat (im Stil eines russischen Salats)\"><img loading=\"lazy\" decoding=\"async\" width=\"1086\" height=\"1086\" src=\"https:\/\/2023.bio-waeberhof.ch\/wp-content\/uploads\/2026\/02\/macedoine-1.jpg\" class=\"attachment-full size-full wp-image-8405\" alt=\"\" srcset=\"https:\/\/2023.bio-waeberhof.ch\/wp-content\/uploads\/2026\/02\/macedoine-1.jpg 1086w, https:\/\/2023.bio-waeberhof.ch\/wp-content\/uploads\/2026\/02\/macedoine-1-300x300.jpg 300w, https:\/\/2023.bio-waeberhof.ch\/wp-content\/uploads\/2026\/02\/macedoine-1-1024x1024.jpg 1024w, https:\/\/2023.bio-waeberhof.ch\/wp-content\/uploads\/2026\/02\/macedoine-1-150x150.jpg 150w, https:\/\/2023.bio-waeberhof.ch\/wp-content\/uploads\/2026\/02\/macedoine-1-768x768.jpg 768w, https:\/\/2023.bio-waeberhof.ch\/wp-content\/uploads\/2026\/02\/macedoine-1-600x600.jpg 600w, https:\/\/2023.bio-waeberhof.ch\/wp-content\/uploads\/2026\/02\/macedoine-1-100x100.jpg 100w\" sizes=\"(max-width: 1086px) 100vw, 1086px\" \/><\/a>\n\t\t\t\t\t<\/div>\n\t\t\n\t\t\t\n\t\t\t<div class=\"uael-post__content-wrap uael-content-wrap-disabled\">\n\t\t\t\t\t\t\t<div class=\"uael-post__terms-wrap\"><span class=\"uael-post__terms\"><span class=\"uael-listing__terms-link\">Rezept<\/span><\/span><\/div>\n\t\t\t\t\t\t<h3 class=\"uael-post__title\">\n\n\t\t\n\t\t\t\t\t\t<a href=\"https:\/\/2023.bio-waeberhof.ch\/de\/__trashed\/\" target=\"_self\">\n\t\t\t\tGem\u00fcsesalat (im Stil eines russischen Salats)\t\t\t<\/a>\n\n\t\t\t\t<\/h3>\n\t\t\t\t\t<a class=\"uael-post__read-more elementor-button\" href=\"https:\/\/2023.bio-waeberhof.ch\/de\/__trashed\/\" target=\"_self\" aria-labelledby=\"uael-post-8631\">\n\t\t\t\t\t<span class=\"elementor-button-content-wrapper\">\n\t\t\t\t\t\t\t\t\t\t\t\t\t\t<span class=\"elementor-button-icon elementor-align-icon-left\">\n\n\t\t\t\t\t\t\t\t\t\n\t\t\t\t\t\t\t\t<\/span>\n\t\t\t\t\t\t\t\t\t\t\t\t\t\n\t\t\t\t\t\t<span class=\"elementor-button-text\" id=uael-post-8631>Weiterlesen &gt;<\/span>\n\t\t\t\t\t<\/span>\n\t\t\t\t<\/a>\n\t\t\t\t\t\t<\/div>\n\t\t\t\n\t\t<\/div>\n\t\t\n\t<\/div>\n\n<\/div>\n\n<div class=\"uael-post-wrapper rezept  rezept \">\n\t<div class=\"uael-post__bg-wrap uael-bg-wrap-disabled \">\n\n\t\t\t\t\n\t\t<div class=\"uael-post__inner-wrap uael-inner-wrap-disabled\">\n\n\t\t\t\t<div class=\"uael-post__thumbnail\">\n\t\t\t\n\t\t\t<a href=\"https:\/\/2023.bio-waeberhof.ch\/de\/gersten-salat\/\" target=\"_self\" title=\"Gersten-Salat\"><img loading=\"lazy\" decoding=\"async\" width=\"1000\" height=\"1003\" src=\"https:\/\/2023.bio-waeberhof.ch\/wp-content\/uploads\/2026\/02\/Salade-orge-perle-image1.jpg\" class=\"attachment-full size-full wp-image-8369\" alt=\"Rollgerste Salat\" srcset=\"https:\/\/2023.bio-waeberhof.ch\/wp-content\/uploads\/2026\/02\/Salade-orge-perle-image1.jpg 1000w, https:\/\/2023.bio-waeberhof.ch\/wp-content\/uploads\/2026\/02\/Salade-orge-perle-image1-300x300.jpg 300w, https:\/\/2023.bio-waeberhof.ch\/wp-content\/uploads\/2026\/02\/Salade-orge-perle-image1-150x150.jpg 150w, https:\/\/2023.bio-waeberhof.ch\/wp-content\/uploads\/2026\/02\/Salade-orge-perle-image1-768x770.jpg 768w, https:\/\/2023.bio-waeberhof.ch\/wp-content\/uploads\/2026\/02\/Salade-orge-perle-image1-600x602.jpg 600w, https:\/\/2023.bio-waeberhof.ch\/wp-content\/uploads\/2026\/02\/Salade-orge-perle-image1-100x100.jpg 100w\" sizes=\"(max-width: 1000px) 100vw, 1000px\" \/><\/a>\n\t\t\t\t\t<\/div>\n\t\t\n\t\t\t\n\t\t\t<div class=\"uael-post__content-wrap uael-content-wrap-disabled\">\n\t\t\t\t\t\t\t<div class=\"uael-post__terms-wrap\"><span class=\"uael-post__terms\"><span class=\"uael-listing__terms-link\">Rezept<\/span><\/span><\/div>\n\t\t\t\t\t\t<h3 class=\"uael-post__title\">\n\n\t\t\n\t\t\t\t\t\t<a href=\"https:\/\/2023.bio-waeberhof.ch\/de\/gersten-salat\/\" target=\"_self\">\n\t\t\t\tGersten-Salat\t\t\t<\/a>\n\n\t\t\t\t<\/h3>\n\t\t\t\t\t<a class=\"uael-post__read-more elementor-button\" href=\"https:\/\/2023.bio-waeberhof.ch\/de\/gersten-salat\/\" target=\"_self\" aria-labelledby=\"uael-post-10962\">\n\t\t\t\t\t<span class=\"elementor-button-content-wrapper\">\n\t\t\t\t\t\t\t\t\t\t\t\t\t\t<span class=\"elementor-button-icon elementor-align-icon-left\">\n\n\t\t\t\t\t\t\t\t\t\n\t\t\t\t\t\t\t\t<\/span>\n\t\t\t\t\t\t\t\t\t\t\t\t\t\n\t\t\t\t\t\t<span class=\"elementor-button-text\" id=uael-post-10962>Weiterlesen &gt;<\/span>\n\t\t\t\t\t<\/span>\n\t\t\t\t<\/a>\n\t\t\t\t\t\t<\/div>\n\t\t\t\n\t\t<\/div>\n\t\t\n\t<\/div>\n\n<\/div>\n\t\t\t\t<\/div>\n\t\t\t\t\t\t\n\t\t<\/div>\n\n\t\t\t\t\t\t<\/div>\n\t\t<div class=\"uael-post__footer\">\n\t\t\t\t\t<\/div>\n\t\t\t\t\t\t<\/div>\n\t\t\t\t<\/div>\n\t\t\t\t\t<\/div>\n\t\t<\/div>\n\t\t\t\t\t<\/div>\n\t\t<\/section>\n\t\t\t\t<\/div>\n\t\t","protected":false},"excerpt":{"rendered":"<p>Aktuelles Alle Kategorien Recette Reportage Alle Kategorien Alle Kategorien Recette Reportage Recette L\u00e9gumes au four sur tartinade de haricots Weiterlesen &gt; Recette Mac\u00e9doine de l\u00e9gumes (type de salade russe) Weiterlesen &gt; Recette Salade d&#8217;orge perl\u00e9 (version hiver) Weiterlesen &gt; Reportage Valeurs nutritionnelles de nos prot\u00e9ines v\u00e9g\u00e9tales Weiterlesen &gt; Recette Galette vegan \u00e0 base d&#8217;okara Weiterlesen [&hellip;]<\/p>\n","protected":false},"author":1,"featured_media":786,"parent":0,"menu_order":0,"comment_status":"closed","ping_status":"closed","template":"elementor_header_footer","meta":{"_acf_changed":false,"footnotes":""},"class_list":["post-8598","page","type-page","status-publish","has-post-thumbnail","hentry"],"acf":[],"publishpress_future_action":{"enabled":false,"date":"2026-04-26 15:19:58","action":"change-status","newStatus":"draft","terms":[],"taxonomy":"translation_priority","extraData":[]},"publishpress_future_workflow_manual_trigger":{"enabledWorkflows":[]},"_links":{"self":[{"href":"https:\/\/2023.bio-waeberhof.ch\/de\/wp-json\/wp\/v2\/pages\/8598","targetHints":{"allow":["GET"]}}],"collection":[{"href":"https:\/\/2023.bio-waeberhof.ch\/de\/wp-json\/wp\/v2\/pages"}],"about":[{"href":"https:\/\/2023.bio-waeberhof.ch\/de\/wp-json\/wp\/v2\/types\/page"}],"author":[{"embeddable":true,"href":"https:\/\/2023.bio-waeberhof.ch\/de\/wp-json\/wp\/v2\/users\/1"}],"replies":[{"embeddable":true,"href":"https:\/\/2023.bio-waeberhof.ch\/de\/wp-json\/wp\/v2\/comments?post=8598"}],"version-history":[{"count":2,"href":"https:\/\/2023.bio-waeberhof.ch\/de\/wp-json\/wp\/v2\/pages\/8598\/revisions"}],"predecessor-version":[{"id":8601,"href":"https:\/\/2023.bio-waeberhof.ch\/de\/wp-json\/wp\/v2\/pages\/8598\/revisions\/8601"}],"wp:featuredmedia":[{"embeddable":true,"href":"https:\/\/2023.bio-waeberhof.ch\/de\/wp-json\/wp\/v2\/media\/786"}],"wp:attachment":[{"href":"https:\/\/2023.bio-waeberhof.ch\/de\/wp-json\/wp\/v2\/media?parent=8598"}],"curies":[{"name":"wp","href":"https:\/\/api.w.org\/{rel}","templated":true}]}}