{"id":9218,"date":"2026-01-05T09:17:46","date_gmt":"2026-01-05T09:17:46","guid":{"rendered":"https:\/\/2023.bio-waeberhof.ch\/impressum\/"},"modified":"2026-02-23T12:34:21","modified_gmt":"2026-02-23T12:34:21","slug":"impressum","status":"publish","type":"page","link":"https:\/\/2023.bio-waeberhof.ch\/de\/impressum\/","title":{"rendered":"Impressum"},"content":{"rendered":"\t\t<div data-elementor-type=\"wp-page\" data-elementor-id=\"9218\" class=\"elementor elementor-9218 elementor-5663\" data-elementor-settings=\"{&quot;ha_cmc_init_switcher&quot;:&quot;no&quot;}\" data-elementor-post-type=\"page\">\n\t\t\t\t\t\t<section class=\"elementor-section elementor-top-section elementor-element elementor-element-6afbbc07 elementor-section-boxed elementor-section-height-default elementor-section-height-default\" data-id=\"6afbbc07\" data-element_type=\"section\" data-e-type=\"section\" data-settings=\"{&quot;background_background&quot;:&quot;classic&quot;,&quot;_ha_eqh_enable&quot;:false}\">\n\t\t\t\t\t\t<div class=\"elementor-container elementor-column-gap-default\">\n\t\t\t\t\t<div class=\"elementor-column elementor-col-100 elementor-top-column elementor-element elementor-element-46d3a5c8\" data-id=\"46d3a5c8\" data-element_type=\"column\" data-e-type=\"column\">\n\t\t\t<div class=\"elementor-widget-wrap elementor-element-populated\">\n\t\t\t\t\t\t<div class=\"elementor-element elementor-element-42520d24 elementor-widget elementor-widget-heading\" data-id=\"42520d24\" data-element_type=\"widget\" data-e-type=\"widget\" data-widget_type=\"heading.default\">\n\t\t\t\t<div class=\"elementor-widget-container\">\n\t\t\t\t\t<h2 class=\"elementor-heading-title elementor-size-default\">Impressum<\/h2>\t\t\t\t<\/div>\n\t\t\t\t<\/div>\n\t\t\t\t<div class=\"elementor-element elementor-element-346b752a elementor-align-start elementor-widget__width-initial elementor-icon-list--layout-traditional elementor-list-item-link-full_width elementor-widget elementor-widget-icon-list\" data-id=\"346b752a\" data-element_type=\"widget\" data-e-type=\"widget\" data-widget_type=\"icon-list.default\">\n\t\t\t\t<div class=\"elementor-widget-container\">\n\t\t\t\t\t\t\t<ul class=\"elementor-icon-list-items\">\n\t\t\t\t\t\t\t<li class=\"elementor-icon-list-item\">\n\t\t\t\t\t\t\t\t\t\t\t<span class=\"elementor-icon-list-icon\">\n\t\t\t\t\t\t\t<i aria-hidden=\"true\" class=\"fas fa-stop\"><\/i>\t\t\t\t\t\t<\/span>\n\t\t\t\t\t\t\t\t\t\t<span class=\"elementor-icon-list-text\">Verantwortlich f\u00fcr die Website:<\/span>\n\t\t\t\t\t\t\t\t\t<\/li>\n\t\t\t\t\t\t<\/ul>\n\t\t\t\t\t\t<\/div>\n\t\t\t\t<\/div>\n\t\t\t\t<div class=\"elementor-element elementor-element-3e36585d elementor-widget elementor-widget-text-editor\" data-id=\"3e36585d\" data-element_type=\"widget\" data-e-type=\"widget\" data-widget_type=\"text-editor.default\">\n\t\t\t\t<div class=\"elementor-widget-container\">\n\t\t\t\t\t\t\t\t\t<p>Verantwortlich f\u00fcr diese Website ist das Unternehmen Bio-W\u00e4berhof und dessen Inhaber Samuel Theiler. Adresse: Erlachstrasse 53 3232 Ins. <\/p><p>Sie erreichen uns w\u00e4hrend den B\u00fcrozeiten unter 032 313 72 62 oder per E-Mail unter: <a href=\"mailto:info@bio-waeberhof.ch\">info@bio-waeberhof.ch<\/a><\/p>\t\t\t\t\t\t\t\t<\/div>\n\t\t\t\t<\/div>\n\t\t\t\t<div class=\"elementor-element elementor-element-442b4ada elementor-align-start elementor-widget__width-initial elementor-icon-list--layout-traditional elementor-list-item-link-full_width elementor-widget elementor-widget-icon-list\" data-id=\"442b4ada\" data-element_type=\"widget\" data-e-type=\"widget\" data-widget_type=\"icon-list.default\">\n\t\t\t\t<div class=\"elementor-widget-container\">\n\t\t\t\t\t\t\t<ul class=\"elementor-icon-list-items\">\n\t\t\t\t\t\t\t<li class=\"elementor-icon-list-item\">\n\t\t\t\t\t\t\t\t\t\t\t<span class=\"elementor-icon-list-icon\">\n\t\t\t\t\t\t\t<i aria-hidden=\"true\" class=\"fas fa-stop\"><\/i>\t\t\t\t\t\t<\/span>\n\t\t\t\t\t\t\t\t\t\t<span class=\"elementor-icon-list-text\">Der Zweck dieser Website:<\/span>\n\t\t\t\t\t\t\t\t\t<\/li>\n\t\t\t\t\t\t<\/ul>\n\t\t\t\t\t\t<\/div>\n\t\t\t\t<\/div>\n\t\t\t\t<div class=\"elementor-element elementor-element-f9d375d elementor-widget elementor-widget-text-editor\" data-id=\"f9d375d\" data-element_type=\"widget\" data-e-type=\"widget\" data-widget_type=\"text-editor.default\">\n\t\t\t\t<div class=\"elementor-widget-container\">\n\t\t\t\t\t\t\t\t\t<p>Der Zweck dieser Website ist es, Informationen \u00fcber alle Aktivit\u00e4ten und Produkte des Unternehmens Bio-W\u00e4berhof zu vermitteln und den Online-Kauf von biologischen und lokalen Agrarprodukten anzubieten.<\/p>\t\t\t\t\t\t\t\t<\/div>\n\t\t\t\t<\/div>\n\t\t\t\t<div class=\"elementor-element elementor-element-3d437320 elementor-align-start elementor-widget__width-initial elementor-icon-list--layout-traditional elementor-list-item-link-full_width elementor-widget elementor-widget-icon-list\" data-id=\"3d437320\" data-element_type=\"widget\" data-e-type=\"widget\" data-widget_type=\"icon-list.default\">\n\t\t\t\t<div class=\"elementor-widget-container\">\n\t\t\t\t\t\t\t<ul class=\"elementor-icon-list-items\">\n\t\t\t\t\t\t\t<li class=\"elementor-icon-list-item\">\n\t\t\t\t\t\t\t\t\t\t\t<span class=\"elementor-icon-list-icon\">\n\t\t\t\t\t\t\t<i aria-hidden=\"true\" class=\"fas fa-stop\"><\/i>\t\t\t\t\t\t<\/span>\n\t\t\t\t\t\t\t\t\t\t<span class=\"elementor-icon-list-text\">Webhosting:<\/span>\n\t\t\t\t\t\t\t\t\t<\/li>\n\t\t\t\t\t\t<\/ul>\n\t\t\t\t\t\t<\/div>\n\t\t\t\t<\/div>\n\t\t\t\t<div class=\"elementor-element elementor-element-72c5028 elementor-widget elementor-widget-text-editor\" data-id=\"72c5028\" data-element_type=\"widget\" data-e-type=\"widget\" data-widget_type=\"text-editor.default\">\n\t\t\t\t<div class=\"elementor-widget-container\">\n\t\t\t\t\t\t\t\t\t<p>Diese Website wird von cyon AG, Brunng\u00e4sslein 12, CH \u2013 4052 Basel, gehostet. Hotline: +41 61 588 15 15. https:\/\/www.cyon.ch  <a href=\"https:\/\/www.cyon.ch\">https:\/\/www.cyon.ch<\/a><\/p>\t\t\t\t\t\t\t\t<\/div>\n\t\t\t\t<\/div>\n\t\t\t\t\t<\/div>\n\t\t<\/div>\n\t\t\t\t\t<\/div>\n\t\t<\/section>\n\t\t\t\t<\/div>\n\t\t","protected":false},"excerpt":{"rendered":"<p>Impressum Verantwortlich f\u00fcr die Website: Verantwortlich f\u00fcr diese Website ist das Unternehmen Bio-W\u00e4berhof und dessen Inhaber Samuel Theiler. Adresse: Erlachstrasse 53 3232 Ins. Sie erreichen uns w\u00e4hrend den B\u00fcrozeiten unter 032 313 72 62 oder per E-Mail unter: info@bio-waeberhof.ch Der Zweck dieser Website: Der Zweck dieser Website ist es, Informationen \u00fcber alle Aktivit\u00e4ten und Produkte [&hellip;]<\/p>\n","protected":false},"author":1,"featured_media":779,"parent":0,"menu_order":0,"comment_status":"closed","ping_status":"closed","template":"elementor_header_footer","meta":{"_acf_changed":false,"footnotes":""},"class_list":["post-9218","page","type-page","status-publish","has-post-thumbnail","hentry"],"acf":[],"publishpress_future_action":{"enabled":false,"date":"2026-04-26 11:49:57","action":"change-status","newStatus":"draft","terms":[],"taxonomy":"translation_priority","extraData":[]},"publishpress_future_workflow_manual_trigger":{"enabledWorkflows":[]},"_links":{"self":[{"href":"https:\/\/2023.bio-waeberhof.ch\/de\/wp-json\/wp\/v2\/pages\/9218","targetHints":{"allow":["GET"]}}],"collection":[{"href":"https:\/\/2023.bio-waeberhof.ch\/de\/wp-json\/wp\/v2\/pages"}],"about":[{"href":"https:\/\/2023.bio-waeberhof.ch\/de\/wp-json\/wp\/v2\/types\/page"}],"author":[{"embeddable":true,"href":"https:\/\/2023.bio-waeberhof.ch\/de\/wp-json\/wp\/v2\/users\/1"}],"replies":[{"embeddable":true,"href":"https:\/\/2023.bio-waeberhof.ch\/de\/wp-json\/wp\/v2\/comments?post=9218"}],"version-history":[{"count":3,"href":"https:\/\/2023.bio-waeberhof.ch\/de\/wp-json\/wp\/v2\/pages\/9218\/revisions"}],"predecessor-version":[{"id":9222,"href":"https:\/\/2023.bio-waeberhof.ch\/de\/wp-json\/wp\/v2\/pages\/9218\/revisions\/9222"}],"wp:featuredmedia":[{"embeddable":true,"href":"https:\/\/2023.bio-waeberhof.ch\/de\/wp-json\/wp\/v2\/media\/779"}],"wp:attachment":[{"href":"https:\/\/2023.bio-waeberhof.ch\/de\/wp-json\/wp\/v2\/media?parent=9218"}],"curies":[{"name":"wp","href":"https:\/\/api.w.org\/{rel}","templated":true}]}}