{"id":10623,"date":"2026-03-02T15:33:52","date_gmt":"2026-03-02T15:33:52","guid":{"rendered":"https:\/\/2023.bio-waeberhof.ch\/produit\/sonnenblumenoel-ho-0-5-l\/"},"modified":"2026-03-02T15:09:44","modified_gmt":"2026-03-02T15:09:44","slug":"sonnenblumenoel-ho-0-5-l","status":"publish","type":"product","link":"https:\/\/2023.bio-waeberhof.ch\/de\/produit\/sonnenblumenoel-ho-0-5-l\/","title":{"rendered":"SONNENBLUMEN\u00d6L HO 0.5 L"},"content":{"rendered":"","protected":false},"excerpt":{"rendered":"<p>Hier ist ein kaltgepresstes Speise\u00f6l von ausgezeichneter Qualit\u00e4t. Ideal zum Anbraten oder Frittieren von Lebensmitteln, hergestellt aus einer speziell f\u00fcr diesen Zweck angebauten Sorte, der Sonnenblume \u0084HO\u0094 (Abk\u00fcrzung f\u00fcr \u0084high oleic\u0094, was bedeutet, dass der Gehalt an \u00d6ls\u00e4ure, einer unges\u00e4ttigten Fetts\u00e4ure, hoch ist).<\/p>\n","protected":false},"featured_media":0,"template":"","meta":{"_acf_changed":false},"product_brand":[],"product_cat":[344],"product_tag":[],"class_list":{"0":"post-10623","1":"product","2":"type-product","3":"status-publish","5":"product_cat-oel-und-essig","7":"first","8":"instock","9":"purchasable","10":"product-type-simple"},"acf":[],"publishpress_future_workflow_manual_trigger":{"enabledWorkflows":[]},"_links":{"self":[{"href":"https:\/\/2023.bio-waeberhof.ch\/de\/wp-json\/wp\/v2\/product\/10623","targetHints":{"allow":["GET"]}}],"collection":[{"href":"https:\/\/2023.bio-waeberhof.ch\/de\/wp-json\/wp\/v2\/product"}],"about":[{"href":"https:\/\/2023.bio-waeberhof.ch\/de\/wp-json\/wp\/v2\/types\/product"}],"version-history":[{"count":2,"href":"https:\/\/2023.bio-waeberhof.ch\/de\/wp-json\/wp\/v2\/product\/10623\/revisions"}],"predecessor-version":[{"id":10980,"href":"https:\/\/2023.bio-waeberhof.ch\/de\/wp-json\/wp\/v2\/product\/10623\/revisions\/10980"}],"wp:attachment":[{"href":"https:\/\/2023.bio-waeberhof.ch\/de\/wp-json\/wp\/v2\/media?parent=10623"}],"wp:term":[{"taxonomy":"product_brand","embeddable":true,"href":"https:\/\/2023.bio-waeberhof.ch\/de\/wp-json\/wp\/v2\/product_brand?post=10623"},{"taxonomy":"product_cat","embeddable":true,"href":"https:\/\/2023.bio-waeberhof.ch\/de\/wp-json\/wp\/v2\/product_cat?post=10623"},{"taxonomy":"product_tag","embeddable":true,"href":"https:\/\/2023.bio-waeberhof.ch\/de\/wp-json\/wp\/v2\/product_tag?post=10623"}],"curies":[{"name":"wp","href":"https:\/\/api.w.org\/{rel}","templated":true}]}}